{"id":11,"date":"2019-08-06T14:16:36","date_gmt":"2019-08-06T17:16:36","guid":{"rendered":"http:\/\/papayacaldara.com.br\/?page_id=11"},"modified":"2021-05-27T09:59:29","modified_gmt":"2021-05-27T12:59:29","slug":"produtos","status":"publish","type":"page","link":"https:\/\/papayacaldara.com.br\/en\/produtos\/","title":{"rendered":"Products"},"content":{"rendered":"<p>Caldara&#8217;s history began with papaya. And it&#8217;s the papaya that keeps us going. We work tirelessly so that the excellent quality of the fruit that grows in Brazil can be appreciated internationally.<\/p>\n<p>The papaya we distribute is the result of the work of hundreds of people in crops located in Linhares, in the state of Esp\u00edrito Santo, and in Mossor\u00f3, in Rio Grande do Norte.<\/p>\n<p>The fruits are grown based on integrated farming techniques and on respect for the workers, local communities, the environment and consumers.<\/p>\n<p>Caldara papayas are presented in the Golden and Formosa varieties. They are fruits that develop different physical characteristics, but have the same guarantee of origin.<\/p>","protected":false},"excerpt":{"rendered":"<p>Caldara&#8217;s history began with papaya. And it&#8217;s the papaya that keeps us going. We work tirelessly so that the excellent quality of the fruit that grows in Brazil can be appreciated internationally. The papaya we distribute is the result of the work of hundreds of people in crops located in Linhares, in the state of [&hellip;]<\/p>\n","protected":false},"author":1,"featured_media":94,"parent":0,"menu_order":3,"comment_status":"closed","ping_status":"closed","template":"page-produtos.php","meta":{"footnotes":""},"class_list":["post-11","page","type-page","status-publish","has-post-thumbnail","hentry"],"yoast_head":"\n<title>Produtos Caldara: Mam\u00e3o com origem - Exporta\u00e7\u00e3o Interfruit<\/title>\n<meta name=\"description\" content=\"Os produtos Caldara s\u00e3o apresentados nos mam\u00f5es Golden e Formosa, com diferentes caracter\u00edsticas f\u00edsicas, mas com a mesma garantina de origem!\" \/>\n<meta name=\"robots\" content=\"index, follow, max-snippet:-1, max-image-preview:large, max-video-preview:-1\" \/>\n<link rel=\"canonical\" href=\"https:\/\/papayacaldara.com.br\/en\/produtos\/\" \/>\n<meta property=\"og:locale\" content=\"en_US\" \/>\n<meta property=\"og:type\" content=\"article\" \/>\n<meta property=\"og:title\" content=\"Produtos Caldara: Mam\u00e3o com origem - Exporta\u00e7\u00e3o Interfruit\" \/>\n<meta property=\"og:description\" content=\"Os produtos Caldara s\u00e3o apresentados nos mam\u00f5es Golden e Formosa, com diferentes caracter\u00edsticas f\u00edsicas, mas com a mesma garantina de origem!\" \/>\n<meta property=\"og:url\" content=\"https:\/\/papayacaldara.com.br\/en\/produtos\/\" \/>\n<meta property=\"og:site_name\" content=\"Caldara\" \/>\n<meta property=\"article:modified_time\" content=\"2021-05-27T12:59:29+00:00\" \/>\n<meta property=\"og:image\" content=\"http:\/\/papayacaldara.com.br\/wp-content\/uploads\/2019\/08\/imagem-sementes-produtos.jpg\" \/>\n\t<meta property=\"og:image:width\" content=\"1920\" \/>\n\t<meta property=\"og:image:height\" content=\"688\" \/>\n<meta name=\"twitter:card\" content=\"summary_large_image\" \/>\n<meta name=\"twitter:label1\" content=\"Est. reading time\" \/>\n\t<meta name=\"twitter:data1\" content=\"1 minute\" \/>\n<script type=\"application\/ld+json\" class=\"yoast-schema-graph\">{\"@context\":\"https:\/\/schema.org\",\"@graph\":[{\"@type\":\"WebSite\",\"@id\":\"http:\/\/papayacaldara.com.br\/#website\",\"url\":\"http:\/\/papayacaldara.com.br\/\",\"name\":\"Caldara\",\"description\":\"Brazilian Fruit\",\"potentialAction\":[{\"@type\":\"SearchAction\",\"target\":{\"@type\":\"EntryPoint\",\"urlTemplate\":\"http:\/\/papayacaldara.com.br\/?s={search_term_string}\"},\"query-input\":\"required name=search_term_string\"}],\"inLanguage\":\"en-US\"},{\"@type\":\"ImageObject\",\"@id\":\"https:\/\/papayacaldara.com.br\/en\/produtos\/#primaryimage\",\"inLanguage\":\"en-US\",\"url\":\"https:\/\/papayacaldara.com.br\/wp-content\/uploads\/2019\/08\/imagem-sementes-produtos.jpg\",\"contentUrl\":\"https:\/\/papayacaldara.com.br\/wp-content\/uploads\/2019\/08\/imagem-sementes-produtos.jpg\",\"width\":1920,\"height\":688,\"caption\":\"Produtos Caldara: sementes de Mam\\u00e3o\"},{\"@type\":\"WebPage\",\"@id\":\"https:\/\/papayacaldara.com.br\/en\/produtos\/#webpage\",\"url\":\"https:\/\/papayacaldara.com.br\/en\/produtos\/\",\"name\":\"Produtos Caldara: Mam\\u00e3o com origem - Exporta\\u00e7\\u00e3o Interfruit\",\"isPartOf\":{\"@id\":\"http:\/\/papayacaldara.com.br\/#website\"},\"primaryImageOfPage\":{\"@id\":\"https:\/\/papayacaldara.com.br\/en\/produtos\/#primaryimage\"},\"datePublished\":\"2019-08-06T17:16:36+00:00\",\"dateModified\":\"2021-05-27T12:59:29+00:00\",\"description\":\"Os produtos Caldara s\\u00e3o apresentados nos mam\\u00f5es Golden e Formosa, com diferentes caracter\\u00edsticas f\\u00edsicas, mas com a mesma garantina de origem!\",\"breadcrumb\":{\"@id\":\"https:\/\/papayacaldara.com.br\/en\/produtos\/#breadcrumb\"},\"inLanguage\":\"en-US\",\"potentialAction\":[{\"@type\":\"ReadAction\",\"target\":[\"https:\/\/papayacaldara.com.br\/en\/produtos\/\"]}]},{\"@type\":\"BreadcrumbList\",\"@id\":\"https:\/\/papayacaldara.com.br\/en\/produtos\/#breadcrumb\",\"itemListElement\":[{\"@type\":\"ListItem\",\"position\":1,\"name\":\"In\\u00edcio\",\"item\":\"http:\/\/papayacaldara.com.br\/\"},{\"@type\":\"ListItem\",\"position\":2,\"name\":\"Produtos\"}]}]}<\/script>\n","yoast_head_json":{"title":"Produtos Caldara: Mam\u00e3o com origem - Exporta\u00e7\u00e3o Interfruit","description":"Os produtos Caldara s\u00e3o apresentados nos mam\u00f5es Golden e Formosa, com diferentes caracter\u00edsticas f\u00edsicas, mas com a mesma garantina de origem!","robots":{"index":"index","follow":"follow","max-snippet":"max-snippet:-1","max-image-preview":"max-image-preview:large","max-video-preview":"max-video-preview:-1"},"canonical":"https:\/\/papayacaldara.com.br\/en\/produtos\/","og_locale":"en_US","og_type":"article","og_title":"Produtos Caldara: Mam\u00e3o com origem - Exporta\u00e7\u00e3o Interfruit","og_description":"Os produtos Caldara s\u00e3o apresentados nos mam\u00f5es Golden e Formosa, com diferentes caracter\u00edsticas f\u00edsicas, mas com a mesma garantina de origem!","og_url":"https:\/\/papayacaldara.com.br\/en\/produtos\/","og_site_name":"Caldara","article_modified_time":"2021-05-27T12:59:29+00:00","og_image":[{"width":1920,"height":688,"url":"http:\/\/papayacaldara.com.br\/wp-content\/uploads\/2019\/08\/imagem-sementes-produtos.jpg","path":"\/\/papayacaldara.com.br\/wp-content\/uploads\/2019\/08\/imagem-sementes-produtos.jpg","size":"full","id":94,"alt":"Produtos Caldara: sementes de Mam\u00e3o","pixels":1320960,"type":"image\/jpeg"}],"twitter_card":"summary_large_image","twitter_misc":{"Est. reading time":"1 minute"},"schema":{"@context":"https:\/\/schema.org","@graph":[{"@type":"WebSite","@id":"http:\/\/papayacaldara.com.br\/#website","url":"http:\/\/papayacaldara.com.br\/","name":"Caldara","description":"Brazilian Fruit","potentialAction":[{"@type":"SearchAction","target":{"@type":"EntryPoint","urlTemplate":"http:\/\/papayacaldara.com.br\/?s={search_term_string}"},"query-input":"required name=search_term_string"}],"inLanguage":"en-US"},{"@type":"ImageObject","@id":"https:\/\/papayacaldara.com.br\/en\/produtos\/#primaryimage","inLanguage":"en-US","url":"https:\/\/papayacaldara.com.br\/wp-content\/uploads\/2019\/08\/imagem-sementes-produtos.jpg","contentUrl":"https:\/\/papayacaldara.com.br\/wp-content\/uploads\/2019\/08\/imagem-sementes-produtos.jpg","width":1920,"height":688,"caption":"Produtos Caldara: sementes de Mam\u00e3o"},{"@type":"WebPage","@id":"https:\/\/papayacaldara.com.br\/en\/produtos\/#webpage","url":"https:\/\/papayacaldara.com.br\/en\/produtos\/","name":"Produtos Caldara: Mam\u00e3o com origem - Exporta\u00e7\u00e3o Interfruit","isPartOf":{"@id":"http:\/\/papayacaldara.com.br\/#website"},"primaryImageOfPage":{"@id":"https:\/\/papayacaldara.com.br\/en\/produtos\/#primaryimage"},"datePublished":"2019-08-06T17:16:36+00:00","dateModified":"2021-05-27T12:59:29+00:00","description":"Os produtos Caldara s\u00e3o apresentados nos mam\u00f5es Golden e Formosa, com diferentes caracter\u00edsticas f\u00edsicas, mas com a mesma garantina de origem!","breadcrumb":{"@id":"https:\/\/papayacaldara.com.br\/en\/produtos\/#breadcrumb"},"inLanguage":"en-US","potentialAction":[{"@type":"ReadAction","target":["https:\/\/papayacaldara.com.br\/en\/produtos\/"]}]},{"@type":"BreadcrumbList","@id":"https:\/\/papayacaldara.com.br\/en\/produtos\/#breadcrumb","itemListElement":[{"@type":"ListItem","position":1,"name":"In\u00edcio","item":"http:\/\/papayacaldara.com.br\/"},{"@type":"ListItem","position":2,"name":"Produtos"}]}]}},"_links":{"self":[{"href":"https:\/\/papayacaldara.com.br\/en\/wp-json\/wp\/v2\/pages\/11","targetHints":{"allow":["GET"]}}],"collection":[{"href":"https:\/\/papayacaldara.com.br\/en\/wp-json\/wp\/v2\/pages"}],"about":[{"href":"https:\/\/papayacaldara.com.br\/en\/wp-json\/wp\/v2\/types\/page"}],"author":[{"embeddable":true,"href":"https:\/\/papayacaldara.com.br\/en\/wp-json\/wp\/v2\/users\/1"}],"replies":[{"embeddable":true,"href":"https:\/\/papayacaldara.com.br\/en\/wp-json\/wp\/v2\/comments?post=11"}],"version-history":[{"count":7,"href":"https:\/\/papayacaldara.com.br\/en\/wp-json\/wp\/v2\/pages\/11\/revisions"}],"predecessor-version":[{"id":316,"href":"https:\/\/papayacaldara.com.br\/en\/wp-json\/wp\/v2\/pages\/11\/revisions\/316"}],"wp:featuredmedia":[{"embeddable":true,"href":"https:\/\/papayacaldara.com.br\/en\/wp-json\/wp\/v2\/media\/94"}],"wp:attachment":[{"href":"https:\/\/papayacaldara.com.br\/en\/wp-json\/wp\/v2\/media?parent=11"}],"curies":[{"name":"wp","href":"https:\/\/api.w.org\/{rel}","templated":true}]}}