{"id":15,"date":"2019-08-06T14:17:00","date_gmt":"2019-08-06T17:17:00","guid":{"rendered":"http:\/\/papayacaldara.com.br\/?page_id=15"},"modified":"2021-05-27T17:48:33","modified_gmt":"2021-05-27T20:48:33","slug":"exportadora","status":"publish","type":"page","link":"https:\/\/papayacaldara.com.br\/en\/exportadora\/","title":{"rendered":"Exporter"},"content":{"rendered":"<p>Every step in our work seeks to value the Brazilian product in the world through export. Also present in every step of papaya production is the commitment with the environment and sustainable methods. A way to highlight our care with the Brazilian papaya production compared to other countries.<\/p>\n<p>All of our papaya&#8217;s production begins in the states of Esp\u00edrito Santo e Rio Grande do Norte. Harvest, separation, treatment and transportation are essential steps. But to ensure there is quality in the final product, we primarily cherish and care for the people responsible for the entire process. That&#8217;s why our producers follow specific standards of integrated agriculture and our export processes are always aligned with high international standards.<\/p>\n<p>It&#8217;s for these and other reasons that Sunset papayas safely reach over 15 countries, distributed in three continents.<\/p>","protected":false},"excerpt":{"rendered":"<p>Every step in our work seeks to value the Brazilian product in the world through export. Also present in every step of papaya production is the commitment with the environment and sustainable methods. A way to highlight our care with the Brazilian papaya production compared to other countries. All of our papaya&#8217;s production begins in [&hellip;]<\/p>\n","protected":false},"author":1,"featured_media":0,"parent":0,"menu_order":5,"comment_status":"closed","ping_status":"closed","template":"page-exportadora.php","meta":{"footnotes":""},"class_list":["post-15","page","type-page","status-publish","hentry"],"yoast_head":"\n<title>(PT) Exportadora de mam\u00e3o - Caldara | Mam\u00e3o com origem<\/title>\n<meta name=\"description\" content=\"(PT) Como exportadora do mam\u00e3o Caldara, cuidamos do plantio \u00e0 colheita, atendendo aos altos padr\u00f5es de importa\u00e7\u00e3o estabelecidos por cada pa\u00eds!\" \/>\n<meta name=\"robots\" content=\"index, follow, max-snippet:-1, max-image-preview:large, max-video-preview:-1\" \/>\n<link rel=\"canonical\" href=\"https:\/\/papayacaldara.com.br\/en\/exportadora\/\" \/>\n<meta property=\"og:locale\" content=\"en_US\" \/>\n<meta property=\"og:type\" content=\"article\" \/>\n<meta property=\"og:title\" content=\"(PT) Exportadora de mam\u00e3o - Caldara | Mam\u00e3o com origem\" \/>\n<meta property=\"og:description\" content=\"(PT) Como exportadora do mam\u00e3o Caldara, cuidamos do plantio \u00e0 colheita, atendendo aos altos padr\u00f5es de importa\u00e7\u00e3o estabelecidos por cada pa\u00eds!\" \/>\n<meta property=\"og:url\" content=\"https:\/\/papayacaldara.com.br\/en\/exportadora\/\" \/>\n<meta property=\"og:site_name\" content=\"Caldara\" \/>\n<meta property=\"article:modified_time\" content=\"2021-05-27T20:48:33+00:00\" \/>\n<meta name=\"twitter:card\" content=\"summary_large_image\" \/>\n<meta name=\"twitter:label1\" content=\"Est. reading time\" \/>\n\t<meta name=\"twitter:data1\" content=\"1 minute\" \/>\n<script type=\"application\/ld+json\" class=\"yoast-schema-graph\">{\"@context\":\"https:\/\/schema.org\",\"@graph\":[{\"@type\":\"WebSite\",\"@id\":\"http:\/\/papayacaldara.com.br\/#website\",\"url\":\"http:\/\/papayacaldara.com.br\/\",\"name\":\"Caldara\",\"description\":\"Brazilian Fruit\",\"potentialAction\":[{\"@type\":\"SearchAction\",\"target\":{\"@type\":\"EntryPoint\",\"urlTemplate\":\"http:\/\/papayacaldara.com.br\/?s={search_term_string}\"},\"query-input\":\"required name=search_term_string\"}],\"inLanguage\":\"en-US\"},{\"@type\":\"WebPage\",\"@id\":\"https:\/\/papayacaldara.com.br\/en\/exportadora\/#webpage\",\"url\":\"https:\/\/papayacaldara.com.br\/en\/exportadora\/\",\"name\":\"[:pb]Exportadora de mam\\u00e3o - Caldara | Mam\\u00e3o com origem[:]\",\"isPartOf\":{\"@id\":\"http:\/\/papayacaldara.com.br\/#website\"},\"datePublished\":\"2019-08-06T17:17:00+00:00\",\"dateModified\":\"2021-05-27T20:48:33+00:00\",\"description\":\"{:pb}Como exportadora do mam\\u00e3o Caldara, cuidamos do plantio \\u00e0 colheita, atendendo aos altos padr\\u00f5es de importa\\u00e7\\u00e3o estabelecidos por cada pa\\u00eds!{:}\",\"breadcrumb\":{\"@id\":\"https:\/\/papayacaldara.com.br\/en\/exportadora\/#breadcrumb\"},\"inLanguage\":\"en-US\",\"potentialAction\":[{\"@type\":\"ReadAction\",\"target\":[\"https:\/\/papayacaldara.com.br\/en\/exportadora\/\"]}]},{\"@type\":\"BreadcrumbList\",\"@id\":\"https:\/\/papayacaldara.com.br\/en\/exportadora\/#breadcrumb\",\"itemListElement\":[{\"@type\":\"ListItem\",\"position\":1,\"name\":\"In\\u00edcio\",\"item\":\"http:\/\/papayacaldara.com.br\/\"},{\"@type\":\"ListItem\",\"position\":2,\"name\":\"Exportadora\"}]}]}<\/script>\n","yoast_head_json":{"title":"(PT) Exportadora de mam\u00e3o - Caldara | Mam\u00e3o com origem","description":"(PT) Como exportadora do mam\u00e3o Caldara, cuidamos do plantio \u00e0 colheita, atendendo aos altos padr\u00f5es de importa\u00e7\u00e3o estabelecidos por cada pa\u00eds!","robots":{"index":"index","follow":"follow","max-snippet":"max-snippet:-1","max-image-preview":"max-image-preview:large","max-video-preview":"max-video-preview:-1"},"canonical":"https:\/\/papayacaldara.com.br\/en\/exportadora\/","og_locale":"en_US","og_type":"article","og_title":"(PT) Exportadora de mam\u00e3o - Caldara | Mam\u00e3o com origem","og_description":"(PT) Como exportadora do mam\u00e3o Caldara, cuidamos do plantio \u00e0 colheita, atendendo aos altos padr\u00f5es de importa\u00e7\u00e3o estabelecidos por cada pa\u00eds!","og_url":"https:\/\/papayacaldara.com.br\/en\/exportadora\/","og_site_name":"Caldara","article_modified_time":"2021-05-27T20:48:33+00:00","twitter_card":"summary_large_image","twitter_misc":{"Est. reading time":"1 minute"},"schema":{"@context":"https:\/\/schema.org","@graph":[{"@type":"WebSite","@id":"http:\/\/papayacaldara.com.br\/#website","url":"http:\/\/papayacaldara.com.br\/","name":"Caldara","description":"Brazilian Fruit","potentialAction":[{"@type":"SearchAction","target":{"@type":"EntryPoint","urlTemplate":"http:\/\/papayacaldara.com.br\/?s={search_term_string}"},"query-input":"required name=search_term_string"}],"inLanguage":"en-US"},{"@type":"WebPage","@id":"https:\/\/papayacaldara.com.br\/en\/exportadora\/#webpage","url":"https:\/\/papayacaldara.com.br\/en\/exportadora\/","name":"[:pb]Exportadora de mam\u00e3o - Caldara | Mam\u00e3o com origem[:]","isPartOf":{"@id":"http:\/\/papayacaldara.com.br\/#website"},"datePublished":"2019-08-06T17:17:00+00:00","dateModified":"2021-05-27T20:48:33+00:00","description":"{:pb}Como exportadora do mam\u00e3o Caldara, cuidamos do plantio \u00e0 colheita, atendendo aos altos padr\u00f5es de importa\u00e7\u00e3o estabelecidos por cada pa\u00eds!{:}","breadcrumb":{"@id":"https:\/\/papayacaldara.com.br\/en\/exportadora\/#breadcrumb"},"inLanguage":"en-US","potentialAction":[{"@type":"ReadAction","target":["https:\/\/papayacaldara.com.br\/en\/exportadora\/"]}]},{"@type":"BreadcrumbList","@id":"https:\/\/papayacaldara.com.br\/en\/exportadora\/#breadcrumb","itemListElement":[{"@type":"ListItem","position":1,"name":"In\u00edcio","item":"http:\/\/papayacaldara.com.br\/"},{"@type":"ListItem","position":2,"name":"Exportadora"}]}]}},"_links":{"self":[{"href":"https:\/\/papayacaldara.com.br\/en\/wp-json\/wp\/v2\/pages\/15","targetHints":{"allow":["GET"]}}],"collection":[{"href":"https:\/\/papayacaldara.com.br\/en\/wp-json\/wp\/v2\/pages"}],"about":[{"href":"https:\/\/papayacaldara.com.br\/en\/wp-json\/wp\/v2\/types\/page"}],"author":[{"embeddable":true,"href":"https:\/\/papayacaldara.com.br\/en\/wp-json\/wp\/v2\/users\/1"}],"replies":[{"embeddable":true,"href":"https:\/\/papayacaldara.com.br\/en\/wp-json\/wp\/v2\/comments?post=15"}],"version-history":[{"count":7,"href":"https:\/\/papayacaldara.com.br\/en\/wp-json\/wp\/v2\/pages\/15\/revisions"}],"predecessor-version":[{"id":341,"href":"https:\/\/papayacaldara.com.br\/en\/wp-json\/wp\/v2\/pages\/15\/revisions\/341"}],"wp:attachment":[{"href":"https:\/\/papayacaldara.com.br\/en\/wp-json\/wp\/v2\/media?parent=15"}],"curies":[{"name":"wp","href":"https:\/\/api.w.org\/{rel}","templated":true}]}}