{"id":17,"date":"2019-08-06T14:17:09","date_gmt":"2019-08-06T17:17:09","guid":{"rendered":"http:\/\/papayacaldara.com.br\/?page_id=17"},"modified":"2024-08-29T13:52:48","modified_gmt":"2024-08-29T16:52:48","slug":"contato","status":"publish","type":"page","link":"https:\/\/papayacaldara.com.br\/en\/contato\/","title":{"rendered":"Contact"},"content":{"rendered":"<p>To speak to our team and answer any questions about Sunset papaya export, fill out the form below and one of our specialists will return your contact.<\/p>","protected":false},"excerpt":{"rendered":"<p>To speak to our team and answer any questions about Sunset papaya export, fill out the form below and one of our specialists will return your contact.<\/p>\n","protected":false},"author":1,"featured_media":136,"parent":0,"menu_order":6,"comment_status":"closed","ping_status":"closed","template":"page-contato.php","meta":{"footnotes":""},"class_list":["post-17","page","type-page","status-publish","has-post-thumbnail","hentry"],"yoast_head":"\n<title>Entre em contato conosco e conhe\u00e7a o mam\u00e3o Caldara<\/title>\n<meta name=\"description\" content=\"Fale conosco e tire suas d\u00favidas sobre a exporta\u00e7\u00e3o! Entre em contato conosco atrav\u00e9s e-mail, telefones ou preencha o formul\u00e1rio dispon\u00edvel!\" \/>\n<meta name=\"robots\" content=\"index, follow, max-snippet:-1, max-image-preview:large, max-video-preview:-1\" \/>\n<link rel=\"canonical\" href=\"https:\/\/papayacaldara.com.br\/en\/contato\/\" \/>\n<meta property=\"og:locale\" content=\"en_US\" \/>\n<meta property=\"og:type\" content=\"article\" \/>\n<meta property=\"og:title\" content=\"Entre em contato conosco e conhe\u00e7a o mam\u00e3o Caldara\" \/>\n<meta property=\"og:description\" content=\"Fale conosco e tire suas d\u00favidas sobre a exporta\u00e7\u00e3o! Entre em contato conosco atrav\u00e9s e-mail, telefones ou preencha o formul\u00e1rio dispon\u00edvel!\" \/>\n<meta property=\"og:url\" content=\"https:\/\/papayacaldara.com.br\/en\/contato\/\" \/>\n<meta property=\"og:site_name\" content=\"Caldara\" \/>\n<meta property=\"article:modified_time\" content=\"2024-08-29T16:52:48+00:00\" \/>\n<meta property=\"og:image\" content=\"https:\/\/papayacaldara.com.br\/wp-content\/uploads\/2019\/08\/banner-contato.jpg\" \/>\n\t<meta property=\"og:image:width\" content=\"1920\" \/>\n\t<meta property=\"og:image:height\" content=\"1139\" \/>\n<meta name=\"twitter:card\" content=\"summary_large_image\" \/>\n<meta name=\"twitter:label1\" content=\"Est. reading time\" \/>\n\t<meta name=\"twitter:data1\" content=\"1 minute\" \/>\n<script type=\"application\/ld+json\" class=\"yoast-schema-graph\">{\"@context\":\"https:\/\/schema.org\",\"@graph\":[{\"@type\":\"WebSite\",\"@id\":\"http:\/\/papayacaldara.com.br\/#website\",\"url\":\"http:\/\/papayacaldara.com.br\/\",\"name\":\"Caldara\",\"description\":\"Brazilian Fruit\",\"potentialAction\":[{\"@type\":\"SearchAction\",\"target\":{\"@type\":\"EntryPoint\",\"urlTemplate\":\"http:\/\/papayacaldara.com.br\/?s={search_term_string}\"},\"query-input\":\"required name=search_term_string\"}],\"inLanguage\":\"en-US\"},{\"@type\":\"ImageObject\",\"@id\":\"https:\/\/papayacaldara.com.br\/en\/contato\/#primaryimage\",\"inLanguage\":\"en-US\",\"url\":\"https:\/\/papayacaldara.com.br\/wp-content\/uploads\/2019\/08\/banner-contato.jpg\",\"contentUrl\":\"https:\/\/papayacaldara.com.br\/wp-content\/uploads\/2019\/08\/banner-contato.jpg\",\"width\":1920,\"height\":1139,\"caption\":\"Entre em contato e conhe\\u00e7a o mam\\u00e3o Caldara\"},{\"@type\":\"WebPage\",\"@id\":\"https:\/\/papayacaldara.com.br\/en\/contato\/#webpage\",\"url\":\"https:\/\/papayacaldara.com.br\/en\/contato\/\",\"name\":\"Entre em contato conosco e conhe\\u00e7a o mam\\u00e3o Caldara\",\"isPartOf\":{\"@id\":\"http:\/\/papayacaldara.com.br\/#website\"},\"primaryImageOfPage\":{\"@id\":\"https:\/\/papayacaldara.com.br\/en\/contato\/#primaryimage\"},\"datePublished\":\"2019-08-06T17:17:09+00:00\",\"dateModified\":\"2024-08-29T16:52:48+00:00\",\"description\":\"Fale conosco e tire suas d\\u00favidas sobre a exporta\\u00e7\\u00e3o! Entre em contato conosco atrav\\u00e9s e-mail, telefones ou preencha o formul\\u00e1rio dispon\\u00edvel!\",\"breadcrumb\":{\"@id\":\"https:\/\/papayacaldara.com.br\/en\/contato\/#breadcrumb\"},\"inLanguage\":\"en-US\",\"potentialAction\":[{\"@type\":\"ReadAction\",\"target\":[\"https:\/\/papayacaldara.com.br\/en\/contato\/\"]}]},{\"@type\":\"BreadcrumbList\",\"@id\":\"https:\/\/papayacaldara.com.br\/en\/contato\/#breadcrumb\",\"itemListElement\":[{\"@type\":\"ListItem\",\"position\":1,\"name\":\"In\\u00edcio\",\"item\":\"http:\/\/papayacaldara.com.br\/\"},{\"@type\":\"ListItem\",\"position\":2,\"name\":\"Contato\"}]}]}<\/script>\n","yoast_head_json":{"title":"Entre em contato conosco e conhe\u00e7a o mam\u00e3o Caldara","description":"Fale conosco e tire suas d\u00favidas sobre a exporta\u00e7\u00e3o! Entre em contato conosco atrav\u00e9s e-mail, telefones ou preencha o formul\u00e1rio dispon\u00edvel!","robots":{"index":"index","follow":"follow","max-snippet":"max-snippet:-1","max-image-preview":"max-image-preview:large","max-video-preview":"max-video-preview:-1"},"canonical":"https:\/\/papayacaldara.com.br\/en\/contato\/","og_locale":"en_US","og_type":"article","og_title":"Entre em contato conosco e conhe\u00e7a o mam\u00e3o Caldara","og_description":"Fale conosco e tire suas d\u00favidas sobre a exporta\u00e7\u00e3o! Entre em contato conosco atrav\u00e9s e-mail, telefones ou preencha o formul\u00e1rio dispon\u00edvel!","og_url":"https:\/\/papayacaldara.com.br\/en\/contato\/","og_site_name":"Caldara","article_modified_time":"2024-08-29T16:52:48+00:00","og_image":[{"width":1920,"height":1139,"url":"https:\/\/papayacaldara.com.br\/wp-content\/uploads\/2019\/08\/banner-contato.jpg","path":"\/home\/papayacaldara\/www\/wp-content\/uploads\/2019\/08\/banner-contato.jpg","size":"full","id":136,"alt":"Entre em contato e conhe\u00e7a o mam\u00e3o Caldara","pixels":2186880,"type":"image\/jpeg"}],"twitter_card":"summary_large_image","twitter_misc":{"Est. reading time":"1 minute"},"schema":{"@context":"https:\/\/schema.org","@graph":[{"@type":"WebSite","@id":"http:\/\/papayacaldara.com.br\/#website","url":"http:\/\/papayacaldara.com.br\/","name":"Caldara","description":"Brazilian Fruit","potentialAction":[{"@type":"SearchAction","target":{"@type":"EntryPoint","urlTemplate":"http:\/\/papayacaldara.com.br\/?s={search_term_string}"},"query-input":"required name=search_term_string"}],"inLanguage":"en-US"},{"@type":"ImageObject","@id":"https:\/\/papayacaldara.com.br\/en\/contato\/#primaryimage","inLanguage":"en-US","url":"https:\/\/papayacaldara.com.br\/wp-content\/uploads\/2019\/08\/banner-contato.jpg","contentUrl":"https:\/\/papayacaldara.com.br\/wp-content\/uploads\/2019\/08\/banner-contato.jpg","width":1920,"height":1139,"caption":"Entre em contato e conhe\u00e7a o mam\u00e3o Caldara"},{"@type":"WebPage","@id":"https:\/\/papayacaldara.com.br\/en\/contato\/#webpage","url":"https:\/\/papayacaldara.com.br\/en\/contato\/","name":"Entre em contato conosco e conhe\u00e7a o mam\u00e3o Caldara","isPartOf":{"@id":"http:\/\/papayacaldara.com.br\/#website"},"primaryImageOfPage":{"@id":"https:\/\/papayacaldara.com.br\/en\/contato\/#primaryimage"},"datePublished":"2019-08-06T17:17:09+00:00","dateModified":"2024-08-29T16:52:48+00:00","description":"Fale conosco e tire suas d\u00favidas sobre a exporta\u00e7\u00e3o! Entre em contato conosco atrav\u00e9s e-mail, telefones ou preencha o formul\u00e1rio dispon\u00edvel!","breadcrumb":{"@id":"https:\/\/papayacaldara.com.br\/en\/contato\/#breadcrumb"},"inLanguage":"en-US","potentialAction":[{"@type":"ReadAction","target":["https:\/\/papayacaldara.com.br\/en\/contato\/"]}]},{"@type":"BreadcrumbList","@id":"https:\/\/papayacaldara.com.br\/en\/contato\/#breadcrumb","itemListElement":[{"@type":"ListItem","position":1,"name":"In\u00edcio","item":"http:\/\/papayacaldara.com.br\/"},{"@type":"ListItem","position":2,"name":"Contato"}]}]}},"_links":{"self":[{"href":"https:\/\/papayacaldara.com.br\/en\/wp-json\/wp\/v2\/pages\/17","targetHints":{"allow":["GET"]}}],"collection":[{"href":"https:\/\/papayacaldara.com.br\/en\/wp-json\/wp\/v2\/pages"}],"about":[{"href":"https:\/\/papayacaldara.com.br\/en\/wp-json\/wp\/v2\/types\/page"}],"author":[{"embeddable":true,"href":"https:\/\/papayacaldara.com.br\/en\/wp-json\/wp\/v2\/users\/1"}],"replies":[{"embeddable":true,"href":"https:\/\/papayacaldara.com.br\/en\/wp-json\/wp\/v2\/comments?post=17"}],"version-history":[{"count":9,"href":"https:\/\/papayacaldara.com.br\/en\/wp-json\/wp\/v2\/pages\/17\/revisions"}],"predecessor-version":[{"id":405,"href":"https:\/\/papayacaldara.com.br\/en\/wp-json\/wp\/v2\/pages\/17\/revisions\/405"}],"wp:featuredmedia":[{"embeddable":true,"href":"https:\/\/papayacaldara.com.br\/en\/wp-json\/wp\/v2\/media\/136"}],"wp:attachment":[{"href":"https:\/\/papayacaldara.com.br\/en\/wp-json\/wp\/v2\/media?parent=17"}],"curies":[{"name":"wp","href":"https:\/\/api.w.org\/{rel}","templated":true}]}}