{"id":43,"date":"2019-08-14T13:35:17","date_gmt":"2019-08-14T16:35:17","guid":{"rendered":"http:\/\/papayacaldara.com.br\/?page_id=43"},"modified":"2021-05-28T15:48:53","modified_gmt":"2021-05-28T18:48:53","slug":"mamao-formosa","status":"publish","type":"page","link":"https:\/\/papayacaldara.com.br\/en\/produtos\/mamao-formosa\/","title":{"rendered":"Formosa Papaya"},"content":{"rendered":"<p>The history of Formosa Papaya goes through several empires and countries, before touring the world and arriving in Brazilian lands. In Brazil, the variety has been cultivated since the 1970s, and still is today, by the country&#8217;s skilled farmers, with constant improvements in their productivity and quality.<\/p>\n<p>The seeds of Formosa Papaya come from Taiwan, a small island located in eastern China. When the territory was colonized by the Portuguese Empire, it was called \u201cIlha Formosa\u201d. That&#8217;s where the name of the fruit comes from.<\/p>\n<p>&nbsp;<\/p>","protected":false},"excerpt":{"rendered":"<p>The history of Formosa Papaya goes through several empires and countries, before touring the world and arriving in Brazilian lands. In Brazil, the variety has been cultivated since the 1970s, and still is today, by the country&#8217;s skilled farmers, with constant improvements in their productivity and quality. The seeds of Formosa Papaya come from Taiwan, [&hellip;]<\/p>\n","protected":false},"author":1,"featured_media":60,"parent":11,"menu_order":2,"comment_status":"closed","ping_status":"closed","template":"page-template-mamao.php","meta":{"footnotes":""},"class_list":["post-43","page","type-page","status-publish","has-post-thumbnail","hentry"],"yoast_head":"\n<title>Mam\u00e3o Formosa - Caldara | Mam\u00e3o com origem<\/title>\n<meta name=\"description\" content=\"O mam\u00e3o Formosa tem poucas calorias, a\u00e7\u00facar e gordura. \u00c9 rico em nutrientes, incluindo a quantidade de vitamina C, indicada para a dieta di\u00e1ria.\" \/>\n<meta name=\"robots\" content=\"index, follow, max-snippet:-1, max-image-preview:large, max-video-preview:-1\" \/>\n<link rel=\"canonical\" href=\"https:\/\/papayacaldara.com.br\/en\/produtos\/mamao-formosa\/\" \/>\n<meta property=\"og:locale\" content=\"en_US\" \/>\n<meta property=\"og:type\" content=\"article\" \/>\n<meta property=\"og:title\" content=\"Mam\u00e3o Formosa - Caldara | Mam\u00e3o com origem\" \/>\n<meta property=\"og:description\" content=\"O mam\u00e3o Formosa tem poucas calorias, a\u00e7\u00facar e gordura. \u00c9 rico em nutrientes, incluindo a quantidade de vitamina C, indicada para a dieta di\u00e1ria.\" \/>\n<meta property=\"og:url\" content=\"https:\/\/papayacaldara.com.br\/en\/produtos\/mamao-formosa\/\" \/>\n<meta property=\"og:site_name\" content=\"Caldara\" \/>\n<meta property=\"article:modified_time\" content=\"2021-05-28T18:48:53+00:00\" \/>\n<meta property=\"og:image\" content=\"http:\/\/papayacaldara.com.br\/wp-content\/uploads\/2019\/08\/banner-mamao-formosa.jpg\" \/>\n\t<meta property=\"og:image:width\" content=\"1922\" \/>\n\t<meta property=\"og:image:height\" content=\"898\" \/>\n<meta name=\"twitter:card\" content=\"summary_large_image\" \/>\n<meta name=\"twitter:label1\" content=\"Est. reading time\" \/>\n\t<meta name=\"twitter:data1\" content=\"1 minute\" \/>\n<script type=\"application\/ld+json\" class=\"yoast-schema-graph\">{\"@context\":\"https:\/\/schema.org\",\"@graph\":[{\"@type\":\"WebSite\",\"@id\":\"http:\/\/papayacaldara.com.br\/#website\",\"url\":\"http:\/\/papayacaldara.com.br\/\",\"name\":\"Caldara\",\"description\":\"Brazilian Fruit\",\"potentialAction\":[{\"@type\":\"SearchAction\",\"target\":{\"@type\":\"EntryPoint\",\"urlTemplate\":\"http:\/\/papayacaldara.com.br\/?s={search_term_string}\"},\"query-input\":\"required name=search_term_string\"}],\"inLanguage\":\"en-US\"},{\"@type\":\"ImageObject\",\"@id\":\"https:\/\/papayacaldara.com.br\/en\/produtos\/mamao-formosa\/#primaryimage\",\"inLanguage\":\"en-US\",\"url\":\"https:\/\/papayacaldara.com.br\/wp-content\/uploads\/2019\/08\/banner-mamao-formosa.jpg\",\"contentUrl\":\"https:\/\/papayacaldara.com.br\/wp-content\/uploads\/2019\/08\/banner-mamao-formosa.jpg\",\"width\":1922,\"height\":898,\"caption\":\"P\\u00e9 de Mam\\u00e3o Formosa - Caldara | Mam\\u00e3o com origem\"},{\"@type\":\"WebPage\",\"@id\":\"https:\/\/papayacaldara.com.br\/en\/produtos\/mamao-formosa\/#webpage\",\"url\":\"https:\/\/papayacaldara.com.br\/en\/produtos\/mamao-formosa\/\",\"name\":\"Mam\\u00e3o Formosa - Caldara | Mam\\u00e3o com origem\",\"isPartOf\":{\"@id\":\"http:\/\/papayacaldara.com.br\/#website\"},\"primaryImageOfPage\":{\"@id\":\"https:\/\/papayacaldara.com.br\/en\/produtos\/mamao-formosa\/#primaryimage\"},\"datePublished\":\"2019-08-14T16:35:17+00:00\",\"dateModified\":\"2021-05-28T18:48:53+00:00\",\"description\":\"O mam\\u00e3o Formosa tem poucas calorias, a\\u00e7\\u00facar e gordura. \\u00c9 rico em nutrientes, incluindo a quantidade de vitamina C, indicada para a dieta di\\u00e1ria.\",\"breadcrumb\":{\"@id\":\"https:\/\/papayacaldara.com.br\/en\/produtos\/mamao-formosa\/#breadcrumb\"},\"inLanguage\":\"en-US\",\"potentialAction\":[{\"@type\":\"ReadAction\",\"target\":[\"https:\/\/papayacaldara.com.br\/en\/produtos\/mamao-formosa\/\"]}]},{\"@type\":\"BreadcrumbList\",\"@id\":\"https:\/\/papayacaldara.com.br\/en\/produtos\/mamao-formosa\/#breadcrumb\",\"itemListElement\":[{\"@type\":\"ListItem\",\"position\":1,\"name\":\"In\\u00edcio\",\"item\":\"http:\/\/papayacaldara.com.br\/\"},{\"@type\":\"ListItem\",\"position\":2,\"name\":\"Produtos\",\"item\":\"https:\/\/papayacaldara.com.br\/en\/produtos\/\"},{\"@type\":\"ListItem\",\"position\":3,\"name\":\"Mam\\u00e3o Formosa\"}]}]}<\/script>\n","yoast_head_json":{"title":"Mam\u00e3o Formosa - Caldara | Mam\u00e3o com origem","description":"O mam\u00e3o Formosa tem poucas calorias, a\u00e7\u00facar e gordura. \u00c9 rico em nutrientes, incluindo a quantidade de vitamina C, indicada para a dieta di\u00e1ria.","robots":{"index":"index","follow":"follow","max-snippet":"max-snippet:-1","max-image-preview":"max-image-preview:large","max-video-preview":"max-video-preview:-1"},"canonical":"https:\/\/papayacaldara.com.br\/en\/produtos\/mamao-formosa\/","og_locale":"en_US","og_type":"article","og_title":"Mam\u00e3o Formosa - Caldara | Mam\u00e3o com origem","og_description":"O mam\u00e3o Formosa tem poucas calorias, a\u00e7\u00facar e gordura. \u00c9 rico em nutrientes, incluindo a quantidade de vitamina C, indicada para a dieta di\u00e1ria.","og_url":"https:\/\/papayacaldara.com.br\/en\/produtos\/mamao-formosa\/","og_site_name":"Caldara","article_modified_time":"2021-05-28T18:48:53+00:00","og_image":[{"width":1922,"height":898,"url":"http:\/\/papayacaldara.com.br\/wp-content\/uploads\/2019\/08\/banner-mamao-formosa.jpg","path":"\/\/papayacaldara.com.br\/wp-content\/uploads\/2019\/08\/banner-mamao-formosa.jpg","size":"full","id":60,"alt":"P\u00e9 de Mam\u00e3o Formosa - Caldara | Mam\u00e3o com origem","pixels":1725956,"type":"image\/jpeg"}],"twitter_card":"summary_large_image","twitter_misc":{"Est. reading time":"1 minute"},"schema":{"@context":"https:\/\/schema.org","@graph":[{"@type":"WebSite","@id":"http:\/\/papayacaldara.com.br\/#website","url":"http:\/\/papayacaldara.com.br\/","name":"Caldara","description":"Brazilian Fruit","potentialAction":[{"@type":"SearchAction","target":{"@type":"EntryPoint","urlTemplate":"http:\/\/papayacaldara.com.br\/?s={search_term_string}"},"query-input":"required name=search_term_string"}],"inLanguage":"en-US"},{"@type":"ImageObject","@id":"https:\/\/papayacaldara.com.br\/en\/produtos\/mamao-formosa\/#primaryimage","inLanguage":"en-US","url":"https:\/\/papayacaldara.com.br\/wp-content\/uploads\/2019\/08\/banner-mamao-formosa.jpg","contentUrl":"https:\/\/papayacaldara.com.br\/wp-content\/uploads\/2019\/08\/banner-mamao-formosa.jpg","width":1922,"height":898,"caption":"P\u00e9 de Mam\u00e3o Formosa - Caldara | Mam\u00e3o com origem"},{"@type":"WebPage","@id":"https:\/\/papayacaldara.com.br\/en\/produtos\/mamao-formosa\/#webpage","url":"https:\/\/papayacaldara.com.br\/en\/produtos\/mamao-formosa\/","name":"Mam\u00e3o Formosa - Caldara | Mam\u00e3o com origem","isPartOf":{"@id":"http:\/\/papayacaldara.com.br\/#website"},"primaryImageOfPage":{"@id":"https:\/\/papayacaldara.com.br\/en\/produtos\/mamao-formosa\/#primaryimage"},"datePublished":"2019-08-14T16:35:17+00:00","dateModified":"2021-05-28T18:48:53+00:00","description":"O mam\u00e3o Formosa tem poucas calorias, a\u00e7\u00facar e gordura. \u00c9 rico em nutrientes, incluindo a quantidade de vitamina C, indicada para a dieta di\u00e1ria.","breadcrumb":{"@id":"https:\/\/papayacaldara.com.br\/en\/produtos\/mamao-formosa\/#breadcrumb"},"inLanguage":"en-US","potentialAction":[{"@type":"ReadAction","target":["https:\/\/papayacaldara.com.br\/en\/produtos\/mamao-formosa\/"]}]},{"@type":"BreadcrumbList","@id":"https:\/\/papayacaldara.com.br\/en\/produtos\/mamao-formosa\/#breadcrumb","itemListElement":[{"@type":"ListItem","position":1,"name":"In\u00edcio","item":"http:\/\/papayacaldara.com.br\/"},{"@type":"ListItem","position":2,"name":"Produtos","item":"https:\/\/papayacaldara.com.br\/en\/produtos\/"},{"@type":"ListItem","position":3,"name":"Mam\u00e3o Formosa"}]}]}},"_links":{"self":[{"href":"https:\/\/papayacaldara.com.br\/en\/wp-json\/wp\/v2\/pages\/43","targetHints":{"allow":["GET"]}}],"collection":[{"href":"https:\/\/papayacaldara.com.br\/en\/wp-json\/wp\/v2\/pages"}],"about":[{"href":"https:\/\/papayacaldara.com.br\/en\/wp-json\/wp\/v2\/types\/page"}],"author":[{"embeddable":true,"href":"https:\/\/papayacaldara.com.br\/en\/wp-json\/wp\/v2\/users\/1"}],"replies":[{"embeddable":true,"href":"https:\/\/papayacaldara.com.br\/en\/wp-json\/wp\/v2\/comments?post=43"}],"version-history":[{"count":9,"href":"https:\/\/papayacaldara.com.br\/en\/wp-json\/wp\/v2\/pages\/43\/revisions"}],"predecessor-version":[{"id":362,"href":"https:\/\/papayacaldara.com.br\/en\/wp-json\/wp\/v2\/pages\/43\/revisions\/362"}],"up":[{"embeddable":true,"href":"https:\/\/papayacaldara.com.br\/en\/wp-json\/wp\/v2\/pages\/11"}],"wp:featuredmedia":[{"embeddable":true,"href":"https:\/\/papayacaldara.com.br\/en\/wp-json\/wp\/v2\/media\/60"}],"wp:attachment":[{"href":"https:\/\/papayacaldara.com.br\/en\/wp-json\/wp\/v2\/media?parent=43"}],"curies":[{"name":"wp","href":"https:\/\/api.w.org\/{rel}","templated":true}]}}