{"id":7,"date":"2019-08-06T14:15:42","date_gmt":"2019-08-06T17:15:42","guid":{"rendered":"http:\/\/papayacaldara.com.br\/?page_id=7"},"modified":"2021-06-17T14:10:03","modified_gmt":"2021-06-17T17:10:03","slug":"caldara","status":"publish","type":"page","link":"https:\/\/papayacaldara.com.br\/en\/","title":{"rendered":"Home"},"content":{"rendered":"","protected":false},"excerpt":{"rendered":"<p>Through the time<\/p>\n","protected":false},"author":1,"featured_media":0,"parent":0,"menu_order":1,"comment_status":"closed","ping_status":"closed","template":"front-page.php","meta":{"footnotes":""},"class_list":["post-7","page","type-page","status-publish","hentry"],"yoast_head":"\n<title>(PT) Mam\u00e3o Caldara - Brazilian Fruit | Mam\u00e3o com origem<\/title>\n<meta name=\"description\" content=\"(PT) Empresa familiar capixaba, a Caldara foi fundada em 1966 no Estado do Esp\u00edrito Santo. Em 1999 entrou no mercado internacional. Saiba mais!\" \/>\n<meta name=\"robots\" content=\"index, follow, max-snippet:-1, max-image-preview:large, max-video-preview:-1\" \/>\n<link rel=\"canonical\" href=\"http:\/\/papayacaldara.com.br\/\" \/>\n<meta property=\"og:locale\" content=\"en_US\" \/>\n<meta property=\"og:type\" content=\"article\" \/>\n<meta property=\"og:title\" content=\"(PT) Mam\u00e3o Caldara - Brazilian Fruit | Mam\u00e3o com origem\" \/>\n<meta property=\"og:description\" content=\"(PT) Empresa familiar capixaba, a Caldara foi fundada em 1966 no Estado do Esp\u00edrito Santo. Em 1999 entrou no mercado internacional. Saiba mais!\" \/>\n<meta property=\"og:url\" content=\"http:\/\/papayacaldara.com.br\/\" \/>\n<meta property=\"og:site_name\" content=\"Caldara\" \/>\n<meta property=\"article:modified_time\" content=\"2021-06-17T17:10:03+00:00\" \/>\n<meta name=\"twitter:card\" content=\"summary_large_image\" \/>\n<script type=\"application\/ld+json\" class=\"yoast-schema-graph\">{\"@context\":\"https:\/\/schema.org\",\"@graph\":[{\"@type\":\"WebSite\",\"@id\":\"http:\/\/papayacaldara.com.br\/#website\",\"url\":\"http:\/\/papayacaldara.com.br\/\",\"name\":\"Caldara\",\"description\":\"Brazilian Fruit\",\"potentialAction\":[{\"@type\":\"SearchAction\",\"target\":{\"@type\":\"EntryPoint\",\"urlTemplate\":\"http:\/\/papayacaldara.com.br\/?s={search_term_string}\"},\"query-input\":\"required name=search_term_string\"}],\"inLanguage\":\"en-US\"},{\"@type\":\"WebPage\",\"@id\":\"http:\/\/papayacaldara.com.br\/#webpage\",\"url\":\"http:\/\/papayacaldara.com.br\/\",\"name\":\"[:pb]Mam\\u00e3o Caldara - Brazilian Fruit | Mam\\u00e3o com origem [:]\",\"isPartOf\":{\"@id\":\"http:\/\/papayacaldara.com.br\/#website\"},\"datePublished\":\"2019-08-06T17:15:42+00:00\",\"dateModified\":\"2021-06-17T17:10:03+00:00\",\"description\":\"{:pb}Empresa familiar capixaba, a Caldara foi fundada em 1966 no Estado do Esp\\u00edrito Santo. Em 1999 entrou no mercado internacional. Saiba mais!{:}\",\"breadcrumb\":{\"@id\":\"http:\/\/papayacaldara.com.br\/#breadcrumb\"},\"inLanguage\":\"en-US\",\"potentialAction\":[{\"@type\":\"ReadAction\",\"target\":[\"http:\/\/papayacaldara.com.br\/\"]}]},{\"@type\":\"BreadcrumbList\",\"@id\":\"http:\/\/papayacaldara.com.br\/#breadcrumb\",\"itemListElement\":[{\"@type\":\"ListItem\",\"position\":1,\"name\":\"In\\u00edcio\",\"item\":\"http:\/\/papayacaldara.com.br\/\"},{\"@type\":\"ListItem\",\"position\":2,\"name\":\"Home\"}]}]}<\/script>\n","yoast_head_json":{"title":"(PT) Mam\u00e3o Caldara - Brazilian Fruit | Mam\u00e3o com origem","description":"(PT) Empresa familiar capixaba, a Caldara foi fundada em 1966 no Estado do Esp\u00edrito Santo. Em 1999 entrou no mercado internacional. Saiba mais!","robots":{"index":"index","follow":"follow","max-snippet":"max-snippet:-1","max-image-preview":"max-image-preview:large","max-video-preview":"max-video-preview:-1"},"canonical":"http:\/\/papayacaldara.com.br\/","og_locale":"en_US","og_type":"article","og_title":"(PT) Mam\u00e3o Caldara - Brazilian Fruit | Mam\u00e3o com origem","og_description":"(PT) Empresa familiar capixaba, a Caldara foi fundada em 1966 no Estado do Esp\u00edrito Santo. Em 1999 entrou no mercado internacional. Saiba mais!","og_url":"http:\/\/papayacaldara.com.br\/","og_site_name":"Caldara","article_modified_time":"2021-06-17T17:10:03+00:00","twitter_card":"summary_large_image","schema":{"@context":"https:\/\/schema.org","@graph":[{"@type":"WebSite","@id":"http:\/\/papayacaldara.com.br\/#website","url":"http:\/\/papayacaldara.com.br\/","name":"Caldara","description":"Brazilian Fruit","potentialAction":[{"@type":"SearchAction","target":{"@type":"EntryPoint","urlTemplate":"http:\/\/papayacaldara.com.br\/?s={search_term_string}"},"query-input":"required name=search_term_string"}],"inLanguage":"en-US"},{"@type":"WebPage","@id":"http:\/\/papayacaldara.com.br\/#webpage","url":"http:\/\/papayacaldara.com.br\/","name":"[:pb]Mam\u00e3o Caldara - Brazilian Fruit | Mam\u00e3o com origem [:]","isPartOf":{"@id":"http:\/\/papayacaldara.com.br\/#website"},"datePublished":"2019-08-06T17:15:42+00:00","dateModified":"2021-06-17T17:10:03+00:00","description":"{:pb}Empresa familiar capixaba, a Caldara foi fundada em 1966 no Estado do Esp\u00edrito Santo. Em 1999 entrou no mercado internacional. Saiba mais!{:}","breadcrumb":{"@id":"http:\/\/papayacaldara.com.br\/#breadcrumb"},"inLanguage":"en-US","potentialAction":[{"@type":"ReadAction","target":["http:\/\/papayacaldara.com.br\/"]}]},{"@type":"BreadcrumbList","@id":"http:\/\/papayacaldara.com.br\/#breadcrumb","itemListElement":[{"@type":"ListItem","position":1,"name":"In\u00edcio","item":"http:\/\/papayacaldara.com.br\/"},{"@type":"ListItem","position":2,"name":"Home"}]}]}},"_links":{"self":[{"href":"https:\/\/papayacaldara.com.br\/en\/wp-json\/wp\/v2\/pages\/7","targetHints":{"allow":["GET"]}}],"collection":[{"href":"https:\/\/papayacaldara.com.br\/en\/wp-json\/wp\/v2\/pages"}],"about":[{"href":"https:\/\/papayacaldara.com.br\/en\/wp-json\/wp\/v2\/types\/page"}],"author":[{"embeddable":true,"href":"https:\/\/papayacaldara.com.br\/en\/wp-json\/wp\/v2\/users\/1"}],"replies":[{"embeddable":true,"href":"https:\/\/papayacaldara.com.br\/en\/wp-json\/wp\/v2\/comments?post=7"}],"version-history":[{"count":9,"href":"https:\/\/papayacaldara.com.br\/en\/wp-json\/wp\/v2\/pages\/7\/revisions"}],"predecessor-version":[{"id":377,"href":"https:\/\/papayacaldara.com.br\/en\/wp-json\/wp\/v2\/pages\/7\/revisions\/377"}],"wp:attachment":[{"href":"https:\/\/papayacaldara.com.br\/en\/wp-json\/wp\/v2\/media?parent=7"}],"curies":[{"name":"wp","href":"https:\/\/api.w.org\/{rel}","templated":true}]}}