{"id":13,"date":"2019-08-06T14:16:48","date_gmt":"2019-08-06T17:16:48","guid":{"rendered":"http:\/\/papayacaldara.com.br\/?page_id=13"},"modified":"2024-07-11T21:41:14","modified_gmt":"2024-07-12T00:41:14","slug":"certificacoes","status":"publish","type":"page","link":"https:\/\/papayacaldara.com.br\/es\/certificacoes\/","title":{"rendered":"Certificaciones"},"content":{"rendered":"<p>Para nosotros, la producci\u00f3n de papaya debe respetar en primer lugar a las personas y al medio ambiente. Formamos parte de un ciclo sostenible que mantiene satisfechos a comunidades, productores y consumidores. El cuidado que se pone en la manipulaci\u00f3n de los cultivos, la cosecha y el transporte es lo que hace que el producto que llega al mercado sea seguro.<\/p>\n<p>Estos valores est\u00e1n arraigados en nuestra cultura y pr\u00e1cticas y se manifiestan en las diversas certificaciones internacionales concedidas a nuestro exportador Interfruit. Dichos certificados ratifican nuestra calidad, lo que abre las puertas a que nuestros productos puedan acceder a los mercados de los pa\u00edses m\u00e1s exigentes.<\/p>","protected":false},"excerpt":{"rendered":"<p>Para nosotros, la producci\u00f3n de papaya debe respetar en primer lugar a las personas y al medio ambiente. Formamos parte de un ciclo sostenible que mantiene satisfechos a comunidades, productores y consumidores. El cuidado que se pone en la manipulaci\u00f3n de los cultivos, la cosecha y el transporte es lo que hace que el producto [&hellip;]<\/p>\n","protected":false},"author":1,"featured_media":0,"parent":0,"menu_order":4,"comment_status":"closed","ping_status":"closed","template":"page-certificacoes.php","meta":{"footnotes":""},"class_list":["post-13","page","type-page","status-publish","hentry"],"yoast_head":"\n<title>(PT) Certifica\u00e7\u00f5es Internacionais de Exporta\u00e7\u00e3o - Mam\u00e3o Caldara<\/title>\n<meta name=\"description\" content=\"(PT) Nossas certifica\u00e7\u00f5es internacionais atestam nosso carinho no manejo das lavouras, colheita e transporte seguro, at\u00e9 chegar \u00e0 sua mesa.\" \/>\n<meta name=\"robots\" content=\"index, follow, max-snippet:-1, max-image-preview:large, max-video-preview:-1\" \/>\n<link rel=\"canonical\" href=\"https:\/\/papayacaldara.com.br\/en\/certificacoes\/\" \/>\n<meta property=\"og:locale\" content=\"es_ES\" \/>\n<meta property=\"og:type\" content=\"article\" \/>\n<meta property=\"og:title\" content=\"(PT) Certifica\u00e7\u00f5es Internacionais de Exporta\u00e7\u00e3o - Mam\u00e3o Caldara\" \/>\n<meta property=\"og:description\" content=\"(PT) Nossas certifica\u00e7\u00f5es internacionais atestam nosso carinho no manejo das lavouras, colheita e transporte seguro, at\u00e9 chegar \u00e0 sua mesa.\" \/>\n<meta property=\"og:url\" content=\"https:\/\/papayacaldara.com.br\/en\/certificacoes\/\" \/>\n<meta property=\"og:site_name\" content=\"Caldara\" \/>\n<meta property=\"article:modified_time\" content=\"2024-07-12T00:41:14+00:00\" \/>\n<meta name=\"twitter:card\" content=\"summary_large_image\" \/>\n<meta name=\"twitter:label1\" content=\"Tiempo de lectura\" \/>\n\t<meta name=\"twitter:data1\" content=\"1 minuto\" \/>\n<script type=\"application\/ld+json\" class=\"yoast-schema-graph\">{\"@context\":\"https:\/\/schema.org\",\"@graph\":[{\"@type\":\"WebSite\",\"@id\":\"http:\/\/papayacaldara.com.br\/#website\",\"url\":\"http:\/\/papayacaldara.com.br\/\",\"name\":\"Caldara\",\"description\":\"Brazilian Fruit\",\"potentialAction\":[{\"@type\":\"SearchAction\",\"target\":{\"@type\":\"EntryPoint\",\"urlTemplate\":\"http:\/\/papayacaldara.com.br\/?s={search_term_string}\"},\"query-input\":\"required name=search_term_string\"}],\"inLanguage\":\"es\"},{\"@type\":\"WebPage\",\"@id\":\"https:\/\/papayacaldara.com.br\/en\/certificacoes\/#webpage\",\"url\":\"https:\/\/papayacaldara.com.br\/en\/certificacoes\/\",\"name\":\"[:pb]Certifica\\u00e7\\u00f5es Internacionais de Exporta\\u00e7\\u00e3o - Mam\\u00e3o Caldara[:]\",\"isPartOf\":{\"@id\":\"http:\/\/papayacaldara.com.br\/#website\"},\"datePublished\":\"2019-08-06T17:16:48+00:00\",\"dateModified\":\"2024-07-12T00:41:14+00:00\",\"description\":\"{:pb}Nossas certifica\\u00e7\\u00f5es internacionais atestam nosso carinho no manejo das lavouras, colheita e transporte seguro, at\\u00e9 chegar \\u00e0 sua mesa. {:}\",\"breadcrumb\":{\"@id\":\"https:\/\/papayacaldara.com.br\/en\/certificacoes\/#breadcrumb\"},\"inLanguage\":\"es\",\"potentialAction\":[{\"@type\":\"ReadAction\",\"target\":[\"https:\/\/papayacaldara.com.br\/en\/certificacoes\/\"]}]},{\"@type\":\"BreadcrumbList\",\"@id\":\"https:\/\/papayacaldara.com.br\/en\/certificacoes\/#breadcrumb\",\"itemListElement\":[{\"@type\":\"ListItem\",\"position\":1,\"name\":\"In\\u00edcio\",\"item\":\"http:\/\/papayacaldara.com.br\/\"},{\"@type\":\"ListItem\",\"position\":2,\"name\":\"Certifica\\u00e7\\u00f5es\"}]}]}<\/script>\n","yoast_head_json":{"title":"(PT) Certifica\u00e7\u00f5es Internacionais de Exporta\u00e7\u00e3o - Mam\u00e3o Caldara","description":"(PT) Nossas certifica\u00e7\u00f5es internacionais atestam nosso carinho no manejo das lavouras, colheita e transporte seguro, at\u00e9 chegar \u00e0 sua mesa.","robots":{"index":"index","follow":"follow","max-snippet":"max-snippet:-1","max-image-preview":"max-image-preview:large","max-video-preview":"max-video-preview:-1"},"canonical":"https:\/\/papayacaldara.com.br\/en\/certificacoes\/","og_locale":"es_ES","og_type":"article","og_title":"(PT) Certifica\u00e7\u00f5es Internacionais de Exporta\u00e7\u00e3o - Mam\u00e3o Caldara","og_description":"(PT) Nossas certifica\u00e7\u00f5es internacionais atestam nosso carinho no manejo das lavouras, colheita e transporte seguro, at\u00e9 chegar \u00e0 sua mesa.","og_url":"https:\/\/papayacaldara.com.br\/en\/certificacoes\/","og_site_name":"Caldara","article_modified_time":"2024-07-12T00:41:14+00:00","twitter_card":"summary_large_image","twitter_misc":{"Tiempo de lectura":"1 minuto"},"schema":{"@context":"https:\/\/schema.org","@graph":[{"@type":"WebSite","@id":"http:\/\/papayacaldara.com.br\/#website","url":"http:\/\/papayacaldara.com.br\/","name":"Caldara","description":"Brazilian Fruit","potentialAction":[{"@type":"SearchAction","target":{"@type":"EntryPoint","urlTemplate":"http:\/\/papayacaldara.com.br\/?s={search_term_string}"},"query-input":"required name=search_term_string"}],"inLanguage":"es"},{"@type":"WebPage","@id":"https:\/\/papayacaldara.com.br\/en\/certificacoes\/#webpage","url":"https:\/\/papayacaldara.com.br\/en\/certificacoes\/","name":"[:pb]Certifica\u00e7\u00f5es Internacionais de Exporta\u00e7\u00e3o - Mam\u00e3o Caldara[:]","isPartOf":{"@id":"http:\/\/papayacaldara.com.br\/#website"},"datePublished":"2019-08-06T17:16:48+00:00","dateModified":"2024-07-12T00:41:14+00:00","description":"{:pb}Nossas certifica\u00e7\u00f5es internacionais atestam nosso carinho no manejo das lavouras, colheita e transporte seguro, at\u00e9 chegar \u00e0 sua mesa. {:}","breadcrumb":{"@id":"https:\/\/papayacaldara.com.br\/en\/certificacoes\/#breadcrumb"},"inLanguage":"es","potentialAction":[{"@type":"ReadAction","target":["https:\/\/papayacaldara.com.br\/en\/certificacoes\/"]}]},{"@type":"BreadcrumbList","@id":"https:\/\/papayacaldara.com.br\/en\/certificacoes\/#breadcrumb","itemListElement":[{"@type":"ListItem","position":1,"name":"In\u00edcio","item":"http:\/\/papayacaldara.com.br\/"},{"@type":"ListItem","position":2,"name":"Certifica\u00e7\u00f5es"}]}]}},"_links":{"self":[{"href":"https:\/\/papayacaldara.com.br\/es\/wp-json\/wp\/v2\/pages\/13","targetHints":{"allow":["GET"]}}],"collection":[{"href":"https:\/\/papayacaldara.com.br\/es\/wp-json\/wp\/v2\/pages"}],"about":[{"href":"https:\/\/papayacaldara.com.br\/es\/wp-json\/wp\/v2\/types\/page"}],"author":[{"embeddable":true,"href":"https:\/\/papayacaldara.com.br\/es\/wp-json\/wp\/v2\/users\/1"}],"replies":[{"embeddable":true,"href":"https:\/\/papayacaldara.com.br\/es\/wp-json\/wp\/v2\/comments?post=13"}],"version-history":[{"count":17,"href":"https:\/\/papayacaldara.com.br\/es\/wp-json\/wp\/v2\/pages\/13\/revisions"}],"predecessor-version":[{"id":403,"href":"https:\/\/papayacaldara.com.br\/es\/wp-json\/wp\/v2\/pages\/13\/revisions\/403"}],"wp:attachment":[{"href":"https:\/\/papayacaldara.com.br\/es\/wp-json\/wp\/v2\/media?parent=13"}],"curies":[{"name":"wp","href":"https:\/\/api.w.org\/{rel}","templated":true}]}}