{"id":15,"date":"2019-08-06T14:17:00","date_gmt":"2019-08-06T17:17:00","guid":{"rendered":"http:\/\/papayacaldara.com.br\/?page_id=15"},"modified":"2021-05-27T17:48:33","modified_gmt":"2021-05-27T20:48:33","slug":"exportadora","status":"publish","type":"page","link":"https:\/\/papayacaldara.com.br\/es\/exportadora\/","title":{"rendered":"Exportador"},"content":{"rendered":"<p>Todo comienza con la cosecha de papaya en las plantaciones de nuestros productores asociados, ubicados en los municipios de Linhares\/ES y Mossor\u00f3\/RN. Este trabajo, desde la plantaci\u00f3n hasta la cosecha, est\u00e1 asegurado por t\u00e9cnicas de cultivo integradas: procesos que no s\u00f3lo garantizan un m\u00e9todo de trabajo m\u00e1s sostenible para las comunidades locales y el medio ambiente, sino que tambi\u00e9n aumentan la calidad deseada para la papaya que se exportar\u00e1.<\/p>\n<p>Tras la cosecha, las papayas que cumplen los requisitos de calidad se separan cuidadosamente para someterlas a un tratamiento de selecci\u00f3n que dejara el producto preparado para su transporte. Como en toda nuestra cadena de producci\u00f3n, estas tareas son realizadas por empleados altamente capacitados. Son ellos los que se esfuerzan por mantener la calidad de la papaya y as\u00ed cumplir con las normas de importaci\u00f3n m\u00e1s estrictas establecidas por cada pa\u00eds.<\/p>\n<p>Por estas y otras razones, la papaya de Caldara llega sana y salva a los m\u00e1s de 10 pa\u00edses de destino, repartidos en tres continentes.<\/p>","protected":false},"excerpt":{"rendered":"<p>Todo comienza con la cosecha de papaya en las plantaciones de nuestros productores asociados, ubicados en los municipios de Linhares\/ES y Mossor\u00f3\/RN. Este trabajo, desde la plantaci\u00f3n hasta la cosecha, est\u00e1 asegurado por t\u00e9cnicas de cultivo integradas: procesos que no s\u00f3lo garantizan un m\u00e9todo de trabajo m\u00e1s sostenible para las comunidades locales y el medio [&hellip;]<\/p>\n","protected":false},"author":1,"featured_media":0,"parent":0,"menu_order":5,"comment_status":"closed","ping_status":"closed","template":"page-exportadora.php","meta":{"footnotes":""},"class_list":["post-15","page","type-page","status-publish","hentry"],"yoast_head":"\n<title>(PT) Exportadora de mam\u00e3o - Caldara | Mam\u00e3o com origem<\/title>\n<meta name=\"description\" content=\"(PT) Como exportadora do mam\u00e3o Caldara, cuidamos do plantio \u00e0 colheita, atendendo aos altos padr\u00f5es de importa\u00e7\u00e3o estabelecidos por cada pa\u00eds!\" \/>\n<meta name=\"robots\" content=\"index, follow, max-snippet:-1, max-image-preview:large, max-video-preview:-1\" \/>\n<link rel=\"canonical\" href=\"https:\/\/papayacaldara.com.br\/en\/exportadora\/\" \/>\n<meta property=\"og:locale\" content=\"es_ES\" \/>\n<meta property=\"og:type\" content=\"article\" \/>\n<meta property=\"og:title\" content=\"(PT) Exportadora de mam\u00e3o - Caldara | Mam\u00e3o com origem\" \/>\n<meta property=\"og:description\" content=\"(PT) Como exportadora do mam\u00e3o Caldara, cuidamos do plantio \u00e0 colheita, atendendo aos altos padr\u00f5es de importa\u00e7\u00e3o estabelecidos por cada pa\u00eds!\" \/>\n<meta property=\"og:url\" content=\"https:\/\/papayacaldara.com.br\/en\/exportadora\/\" \/>\n<meta property=\"og:site_name\" content=\"Caldara\" \/>\n<meta property=\"article:modified_time\" content=\"2021-05-27T20:48:33+00:00\" \/>\n<meta name=\"twitter:card\" content=\"summary_large_image\" \/>\n<meta name=\"twitter:label1\" content=\"Tiempo de lectura\" \/>\n\t<meta name=\"twitter:data1\" content=\"1 minuto\" \/>\n<script type=\"application\/ld+json\" class=\"yoast-schema-graph\">{\"@context\":\"https:\/\/schema.org\",\"@graph\":[{\"@type\":\"WebSite\",\"@id\":\"http:\/\/papayacaldara.com.br\/#website\",\"url\":\"http:\/\/papayacaldara.com.br\/\",\"name\":\"Caldara\",\"description\":\"Brazilian Fruit\",\"potentialAction\":[{\"@type\":\"SearchAction\",\"target\":{\"@type\":\"EntryPoint\",\"urlTemplate\":\"http:\/\/papayacaldara.com.br\/?s={search_term_string}\"},\"query-input\":\"required name=search_term_string\"}],\"inLanguage\":\"es\"},{\"@type\":\"WebPage\",\"@id\":\"https:\/\/papayacaldara.com.br\/en\/exportadora\/#webpage\",\"url\":\"https:\/\/papayacaldara.com.br\/en\/exportadora\/\",\"name\":\"[:pb]Exportadora de mam\\u00e3o - Caldara | Mam\\u00e3o com origem[:]\",\"isPartOf\":{\"@id\":\"http:\/\/papayacaldara.com.br\/#website\"},\"datePublished\":\"2019-08-06T17:17:00+00:00\",\"dateModified\":\"2021-05-27T20:48:33+00:00\",\"description\":\"{:pb}Como exportadora do mam\\u00e3o Caldara, cuidamos do plantio \\u00e0 colheita, atendendo aos altos padr\\u00f5es de importa\\u00e7\\u00e3o estabelecidos por cada pa\\u00eds!{:}\",\"breadcrumb\":{\"@id\":\"https:\/\/papayacaldara.com.br\/en\/exportadora\/#breadcrumb\"},\"inLanguage\":\"es\",\"potentialAction\":[{\"@type\":\"ReadAction\",\"target\":[\"https:\/\/papayacaldara.com.br\/en\/exportadora\/\"]}]},{\"@type\":\"BreadcrumbList\",\"@id\":\"https:\/\/papayacaldara.com.br\/en\/exportadora\/#breadcrumb\",\"itemListElement\":[{\"@type\":\"ListItem\",\"position\":1,\"name\":\"In\\u00edcio\",\"item\":\"http:\/\/papayacaldara.com.br\/\"},{\"@type\":\"ListItem\",\"position\":2,\"name\":\"Exportadora\"}]}]}<\/script>\n","yoast_head_json":{"title":"(PT) Exportadora de mam\u00e3o - Caldara | Mam\u00e3o com origem","description":"(PT) Como exportadora do mam\u00e3o Caldara, cuidamos do plantio \u00e0 colheita, atendendo aos altos padr\u00f5es de importa\u00e7\u00e3o estabelecidos por cada pa\u00eds!","robots":{"index":"index","follow":"follow","max-snippet":"max-snippet:-1","max-image-preview":"max-image-preview:large","max-video-preview":"max-video-preview:-1"},"canonical":"https:\/\/papayacaldara.com.br\/en\/exportadora\/","og_locale":"es_ES","og_type":"article","og_title":"(PT) Exportadora de mam\u00e3o - Caldara | Mam\u00e3o com origem","og_description":"(PT) Como exportadora do mam\u00e3o Caldara, cuidamos do plantio \u00e0 colheita, atendendo aos altos padr\u00f5es de importa\u00e7\u00e3o estabelecidos por cada pa\u00eds!","og_url":"https:\/\/papayacaldara.com.br\/en\/exportadora\/","og_site_name":"Caldara","article_modified_time":"2021-05-27T20:48:33+00:00","twitter_card":"summary_large_image","twitter_misc":{"Tiempo de lectura":"1 minuto"},"schema":{"@context":"https:\/\/schema.org","@graph":[{"@type":"WebSite","@id":"http:\/\/papayacaldara.com.br\/#website","url":"http:\/\/papayacaldara.com.br\/","name":"Caldara","description":"Brazilian Fruit","potentialAction":[{"@type":"SearchAction","target":{"@type":"EntryPoint","urlTemplate":"http:\/\/papayacaldara.com.br\/?s={search_term_string}"},"query-input":"required name=search_term_string"}],"inLanguage":"es"},{"@type":"WebPage","@id":"https:\/\/papayacaldara.com.br\/en\/exportadora\/#webpage","url":"https:\/\/papayacaldara.com.br\/en\/exportadora\/","name":"[:pb]Exportadora de mam\u00e3o - Caldara | Mam\u00e3o com origem[:]","isPartOf":{"@id":"http:\/\/papayacaldara.com.br\/#website"},"datePublished":"2019-08-06T17:17:00+00:00","dateModified":"2021-05-27T20:48:33+00:00","description":"{:pb}Como exportadora do mam\u00e3o Caldara, cuidamos do plantio \u00e0 colheita, atendendo aos altos padr\u00f5es de importa\u00e7\u00e3o estabelecidos por cada pa\u00eds!{:}","breadcrumb":{"@id":"https:\/\/papayacaldara.com.br\/en\/exportadora\/#breadcrumb"},"inLanguage":"es","potentialAction":[{"@type":"ReadAction","target":["https:\/\/papayacaldara.com.br\/en\/exportadora\/"]}]},{"@type":"BreadcrumbList","@id":"https:\/\/papayacaldara.com.br\/en\/exportadora\/#breadcrumb","itemListElement":[{"@type":"ListItem","position":1,"name":"In\u00edcio","item":"http:\/\/papayacaldara.com.br\/"},{"@type":"ListItem","position":2,"name":"Exportadora"}]}]}},"_links":{"self":[{"href":"https:\/\/papayacaldara.com.br\/es\/wp-json\/wp\/v2\/pages\/15","targetHints":{"allow":["GET"]}}],"collection":[{"href":"https:\/\/papayacaldara.com.br\/es\/wp-json\/wp\/v2\/pages"}],"about":[{"href":"https:\/\/papayacaldara.com.br\/es\/wp-json\/wp\/v2\/types\/page"}],"author":[{"embeddable":true,"href":"https:\/\/papayacaldara.com.br\/es\/wp-json\/wp\/v2\/users\/1"}],"replies":[{"embeddable":true,"href":"https:\/\/papayacaldara.com.br\/es\/wp-json\/wp\/v2\/comments?post=15"}],"version-history":[{"count":7,"href":"https:\/\/papayacaldara.com.br\/es\/wp-json\/wp\/v2\/pages\/15\/revisions"}],"predecessor-version":[{"id":341,"href":"https:\/\/papayacaldara.com.br\/es\/wp-json\/wp\/v2\/pages\/15\/revisions\/341"}],"wp:attachment":[{"href":"https:\/\/papayacaldara.com.br\/es\/wp-json\/wp\/v2\/media?parent=15"}],"curies":[{"name":"wp","href":"https:\/\/api.w.org\/{rel}","templated":true}]}}