{"id":41,"date":"2019-08-14T13:34:56","date_gmt":"2019-08-14T16:34:56","guid":{"rendered":"http:\/\/papayacaldara.com.br\/?page_id=41"},"modified":"2021-05-28T15:48:06","modified_gmt":"2021-05-28T18:48:06","slug":"mamao-golden","status":"publish","type":"page","link":"https:\/\/papayacaldara.com.br\/es\/produtos\/mamao-golden\/","title":{"rendered":"Mam\u00e3o Golden"},"content":{"rendered":"<p>La historia de la papaya Golden est\u00e1 llena de avances tecnol\u00f3gicos, con la aportaci\u00f3n de varios pueblos antes de llegar a esta fruta m\u00e1s resistente y muy sabrosa.\u00a0La Golden es una variaci\u00f3n de la papaya. Solo desarrollada aqu\u00ed mismo, en Brasil. El nombre, que en ingl\u00e9s es sin\u00f3nimo de \u00abGolden\u00bb, fue elegido por el color de la piel de la fruta cuando est\u00e1 lista para el consumo.<\/p>\n<p>Por ser las m\u00e1s populares entre los brasile\u00f1os, las papayas Solo, al igual que las Golden, se conocen simplemente como papaya.\u00a0Otro nombre que se da a las papayas de este tipo es el de \u00abhawaii\u00bb, porque sus or\u00edgenes dependieron de importantes investigaciones realizadas en este estado norteamericano.<\/p>\n<p>&nbsp;<\/p>","protected":false},"excerpt":{"rendered":"<p>La historia de la papaya Golden est\u00e1 llena de avances tecnol\u00f3gicos, con la aportaci\u00f3n de varios pueblos antes de llegar a esta fruta m\u00e1s resistente y muy sabrosa.\u00a0La Golden es una variaci\u00f3n de la papaya. Solo desarrollada aqu\u00ed mismo, en Brasil. El nombre, que en ingl\u00e9s es sin\u00f3nimo de \u00abGolden\u00bb, fue elegido por el color [&hellip;]<\/p>\n","protected":false},"author":1,"featured_media":45,"parent":11,"menu_order":1,"comment_status":"closed","ping_status":"closed","template":"page-template-mamao.php","meta":{"footnotes":""},"class_list":["post-41","page","type-page","status-publish","has-post-thumbnail","hentry"],"yoast_head":"\n<title>(PT) Mam\u00e3o Golden - Caldara | Exporta\u00e7\u00e3o Interfruit<\/title>\n<meta name=\"description\" content=\"(PT) O mam\u00e3o Golden tem sua polpa suculenta e sabor mais s\u00fatil. Fruta rica em nutrientes, papa\u00edna, junto com as fibras alimentares que s\u00e3o abundantes.\" \/>\n<meta name=\"robots\" content=\"index, follow, max-snippet:-1, max-image-preview:large, max-video-preview:-1\" \/>\n<link rel=\"canonical\" href=\"http:\/\/papayacaldara.com.br\/produtos\/mamao-golden\/\" \/>\n<meta property=\"og:locale\" content=\"es_ES\" \/>\n<meta property=\"og:type\" content=\"article\" \/>\n<meta property=\"og:title\" content=\"(PT) Mam\u00e3o Golden - Caldara | Exporta\u00e7\u00e3o Interfruit\" \/>\n<meta property=\"og:description\" content=\"(PT) O mam\u00e3o Golden tem sua polpa suculenta e sabor mais s\u00fatil. Fruta rica em nutrientes, papa\u00edna, junto com as fibras alimentares que s\u00e3o abundantes.\" \/>\n<meta property=\"og:url\" content=\"http:\/\/papayacaldara.com.br\/produtos\/mamao-golden\/\" \/>\n<meta property=\"og:site_name\" content=\"Caldara\" \/>\n<meta property=\"article:modified_time\" content=\"2021-05-28T18:48:06+00:00\" \/>\n<meta property=\"og:image\" content=\"http:\/\/papayacaldara.com.br\/wp-content\/uploads\/2019\/08\/banner-mamao-golden.jpg\" \/>\n\t<meta property=\"og:image:width\" content=\"1922\" \/>\n\t<meta property=\"og:image:height\" content=\"810\" \/>\n<meta name=\"twitter:card\" content=\"summary_large_image\" \/>\n<meta name=\"twitter:label1\" content=\"Tiempo de lectura\" \/>\n\t<meta name=\"twitter:data1\" content=\"1 minuto\" \/>\n<script type=\"application\/ld+json\" class=\"yoast-schema-graph\">{\"@context\":\"https:\/\/schema.org\",\"@graph\":[{\"@type\":\"WebSite\",\"@id\":\"http:\/\/papayacaldara.com.br\/#website\",\"url\":\"http:\/\/papayacaldara.com.br\/\",\"name\":\"Caldara\",\"description\":\"Brazilian Fruit\",\"potentialAction\":[{\"@type\":\"SearchAction\",\"target\":{\"@type\":\"EntryPoint\",\"urlTemplate\":\"http:\/\/papayacaldara.com.br\/?s={search_term_string}\"},\"query-input\":\"required name=search_term_string\"}],\"inLanguage\":\"es\"},{\"@type\":\"ImageObject\",\"@id\":\"http:\/\/papayacaldara.com.br\/produtos\/mamao-golden\/#primaryimage\",\"inLanguage\":\"es\",\"url\":\"https:\/\/papayacaldara.com.br\/wp-content\/uploads\/2019\/08\/banner-mamao-golden.jpg\",\"contentUrl\":\"https:\/\/papayacaldara.com.br\/wp-content\/uploads\/2019\/08\/banner-mamao-golden.jpg\",\"width\":1922,\"height\":810,\"caption\":\"Mam\\u00e3o Golden - Caldara | Exporta\\u00e7\\u00e3o Interfruit\"},{\"@type\":\"WebPage\",\"@id\":\"http:\/\/papayacaldara.com.br\/produtos\/mamao-golden\/#webpage\",\"url\":\"http:\/\/papayacaldara.com.br\/produtos\/mamao-golden\/\",\"name\":\"[:pb]Mam\\u00e3o Golden - Caldara | Exporta\\u00e7\\u00e3o Interfruit[:]\",\"isPartOf\":{\"@id\":\"http:\/\/papayacaldara.com.br\/#website\"},\"primaryImageOfPage\":{\"@id\":\"http:\/\/papayacaldara.com.br\/produtos\/mamao-golden\/#primaryimage\"},\"datePublished\":\"2019-08-14T16:34:56+00:00\",\"dateModified\":\"2021-05-28T18:48:06+00:00\",\"description\":\"{:pb}O mam\\u00e3o Golden tem sua polpa suculenta e sabor mais s\\u00fatil. Fruta rica em nutrientes, papa\\u00edna, junto com as fibras alimentares que s\\u00e3o abundantes.{:}\",\"breadcrumb\":{\"@id\":\"http:\/\/papayacaldara.com.br\/produtos\/mamao-golden\/#breadcrumb\"},\"inLanguage\":\"es\",\"potentialAction\":[{\"@type\":\"ReadAction\",\"target\":[\"http:\/\/papayacaldara.com.br\/produtos\/mamao-golden\/\"]}]},{\"@type\":\"BreadcrumbList\",\"@id\":\"http:\/\/papayacaldara.com.br\/produtos\/mamao-golden\/#breadcrumb\",\"itemListElement\":[{\"@type\":\"ListItem\",\"position\":1,\"name\":\"In\\u00edcio\",\"item\":\"http:\/\/papayacaldara.com.br\/\"},{\"@type\":\"ListItem\",\"position\":2,\"name\":\"Produtos\",\"item\":\"https:\/\/papayacaldara.com.br\/en\/produtos\/\"},{\"@type\":\"ListItem\",\"position\":3,\"name\":\"Mam\\u00e3o Golden\"}]}]}<\/script>\n","yoast_head_json":{"title":"(PT) Mam\u00e3o Golden - Caldara | Exporta\u00e7\u00e3o Interfruit","description":"(PT) O mam\u00e3o Golden tem sua polpa suculenta e sabor mais s\u00fatil. Fruta rica em nutrientes, papa\u00edna, junto com as fibras alimentares que s\u00e3o abundantes.","robots":{"index":"index","follow":"follow","max-snippet":"max-snippet:-1","max-image-preview":"max-image-preview:large","max-video-preview":"max-video-preview:-1"},"canonical":"http:\/\/papayacaldara.com.br\/produtos\/mamao-golden\/","og_locale":"es_ES","og_type":"article","og_title":"(PT) Mam\u00e3o Golden - Caldara | Exporta\u00e7\u00e3o Interfruit","og_description":"(PT) O mam\u00e3o Golden tem sua polpa suculenta e sabor mais s\u00fatil. Fruta rica em nutrientes, papa\u00edna, junto com as fibras alimentares que s\u00e3o abundantes.","og_url":"http:\/\/papayacaldara.com.br\/produtos\/mamao-golden\/","og_site_name":"Caldara","article_modified_time":"2021-05-28T18:48:06+00:00","og_image":[{"width":1922,"height":810,"url":"http:\/\/papayacaldara.com.br\/wp-content\/uploads\/2019\/08\/banner-mamao-golden.jpg","path":"\/\/papayacaldara.com.br\/wp-content\/uploads\/2019\/08\/banner-mamao-golden.jpg","size":"full","id":45,"alt":"Mam\u00e3o Golden - Caldara | Exporta\u00e7\u00e3o Interfruit","pixels":1556820,"type":"image\/jpeg"}],"twitter_card":"summary_large_image","twitter_misc":{"Tiempo de lectura":"1 minuto"},"schema":{"@context":"https:\/\/schema.org","@graph":[{"@type":"WebSite","@id":"http:\/\/papayacaldara.com.br\/#website","url":"http:\/\/papayacaldara.com.br\/","name":"Caldara","description":"Brazilian Fruit","potentialAction":[{"@type":"SearchAction","target":{"@type":"EntryPoint","urlTemplate":"http:\/\/papayacaldara.com.br\/?s={search_term_string}"},"query-input":"required name=search_term_string"}],"inLanguage":"es"},{"@type":"ImageObject","@id":"http:\/\/papayacaldara.com.br\/produtos\/mamao-golden\/#primaryimage","inLanguage":"es","url":"https:\/\/papayacaldara.com.br\/wp-content\/uploads\/2019\/08\/banner-mamao-golden.jpg","contentUrl":"https:\/\/papayacaldara.com.br\/wp-content\/uploads\/2019\/08\/banner-mamao-golden.jpg","width":1922,"height":810,"caption":"Mam\u00e3o Golden - Caldara | Exporta\u00e7\u00e3o Interfruit"},{"@type":"WebPage","@id":"http:\/\/papayacaldara.com.br\/produtos\/mamao-golden\/#webpage","url":"http:\/\/papayacaldara.com.br\/produtos\/mamao-golden\/","name":"[:pb]Mam\u00e3o Golden - Caldara | Exporta\u00e7\u00e3o Interfruit[:]","isPartOf":{"@id":"http:\/\/papayacaldara.com.br\/#website"},"primaryImageOfPage":{"@id":"http:\/\/papayacaldara.com.br\/produtos\/mamao-golden\/#primaryimage"},"datePublished":"2019-08-14T16:34:56+00:00","dateModified":"2021-05-28T18:48:06+00:00","description":"{:pb}O mam\u00e3o Golden tem sua polpa suculenta e sabor mais s\u00fatil. Fruta rica em nutrientes, papa\u00edna, junto com as fibras alimentares que s\u00e3o abundantes.{:}","breadcrumb":{"@id":"http:\/\/papayacaldara.com.br\/produtos\/mamao-golden\/#breadcrumb"},"inLanguage":"es","potentialAction":[{"@type":"ReadAction","target":["http:\/\/papayacaldara.com.br\/produtos\/mamao-golden\/"]}]},{"@type":"BreadcrumbList","@id":"http:\/\/papayacaldara.com.br\/produtos\/mamao-golden\/#breadcrumb","itemListElement":[{"@type":"ListItem","position":1,"name":"In\u00edcio","item":"http:\/\/papayacaldara.com.br\/"},{"@type":"ListItem","position":2,"name":"Produtos","item":"https:\/\/papayacaldara.com.br\/en\/produtos\/"},{"@type":"ListItem","position":3,"name":"Mam\u00e3o Golden"}]}]}},"_links":{"self":[{"href":"https:\/\/papayacaldara.com.br\/es\/wp-json\/wp\/v2\/pages\/41","targetHints":{"allow":["GET"]}}],"collection":[{"href":"https:\/\/papayacaldara.com.br\/es\/wp-json\/wp\/v2\/pages"}],"about":[{"href":"https:\/\/papayacaldara.com.br\/es\/wp-json\/wp\/v2\/types\/page"}],"author":[{"embeddable":true,"href":"https:\/\/papayacaldara.com.br\/es\/wp-json\/wp\/v2\/users\/1"}],"replies":[{"embeddable":true,"href":"https:\/\/papayacaldara.com.br\/es\/wp-json\/wp\/v2\/comments?post=41"}],"version-history":[{"count":8,"href":"https:\/\/papayacaldara.com.br\/es\/wp-json\/wp\/v2\/pages\/41\/revisions"}],"predecessor-version":[{"id":361,"href":"https:\/\/papayacaldara.com.br\/es\/wp-json\/wp\/v2\/pages\/41\/revisions\/361"}],"up":[{"embeddable":true,"href":"https:\/\/papayacaldara.com.br\/es\/wp-json\/wp\/v2\/pages\/11"}],"wp:featuredmedia":[{"embeddable":true,"href":"https:\/\/papayacaldara.com.br\/es\/wp-json\/wp\/v2\/media\/45"}],"wp:attachment":[{"href":"https:\/\/papayacaldara.com.br\/es\/wp-json\/wp\/v2\/media?parent=41"}],"curies":[{"name":"wp","href":"https:\/\/api.w.org\/{rel}","templated":true}]}}