{"id":9,"date":"2019-08-06T14:16:27","date_gmt":"2019-08-06T17:16:27","guid":{"rendered":"http:\/\/papayacaldara.com.br\/?page_id=9"},"modified":"2021-05-27T22:17:06","modified_gmt":"2021-05-28T01:17:06","slug":"nossa-marca","status":"publish","type":"page","link":"https:\/\/papayacaldara.com.br\/es\/nossa-marca\/","title":{"rendered":"Nuestra marca"},"content":{"rendered":"<p>Durante el siglo XIX, lleg\u00f3 a Esp\u00edrito Santo una ola de inmigraci\u00f3n que inclu\u00eda a muchas familias italianas. El objetivo era, principalmente, trabajar en la agricultura y producir cultivos que crecen como en ninguna otra tierra.<\/p>\n<p>El duro trabajo de estas familias dio origen a Linhares, en la costa norte del estado, lo que hoy es el centro de exportaci\u00f3n de papaya en Brasil.<\/p>\n<p>Fundada en 1996, la empresa Caldara tiene el compromiso de valorar los or\u00edgenes de la Papaya, para garantizar la calidad de vida tanto de los que consumen la fruta como de los que trabajan con ella.<\/p>\n<p>&nbsp;<\/p>","protected":false},"excerpt":{"rendered":"<p>Caldara: nossa brand<\/p>\n","protected":false},"author":1,"featured_media":175,"parent":0,"menu_order":2,"comment_status":"closed","ping_status":"closed","template":"","meta":{"footnotes":""},"class_list":["post-9","page","type-page","status-publish","has-post-thumbnail","hentry"],"yoast_head":"\n<title>(PT) Marca Caldara - Conhe\u00e7a nosso mam\u00e3o com origem<\/title>\n<meta name=\"description\" content=\"(PT) Fundada em 1996, a marca Caldara tem o compromisso em valorizar as origens do seu mam\u00e3o, garantindo qualidade de vida.\" \/>\n<meta name=\"robots\" content=\"index, follow, max-snippet:-1, max-image-preview:large, max-video-preview:-1\" \/>\n<link rel=\"canonical\" href=\"https:\/\/papayacaldara.com.br\/nossa-marca\/\" \/>\n<meta property=\"og:locale\" content=\"es_ES\" \/>\n<meta property=\"og:type\" content=\"article\" \/>\n<meta property=\"og:title\" content=\"(PT) Marca Caldara - Conhe\u00e7a nosso mam\u00e3o com origem\" \/>\n<meta property=\"og:description\" content=\"(PT) Fundada em 1996, a marca Caldara tem o compromisso em valorizar as origens do seu mam\u00e3o, garantindo qualidade de vida.\" \/>\n<meta property=\"og:url\" content=\"https:\/\/papayacaldara.com.br\/nossa-marca\/\" \/>\n<meta property=\"og:site_name\" content=\"Caldara\" \/>\n<meta property=\"article:modified_time\" content=\"2021-05-28T01:17:06+00:00\" \/>\n<meta property=\"og:image\" content=\"http:\/\/papayacaldara.com.br\/wp-content\/uploads\/2020\/01\/Caixa-Caldara-parda.png\" \/>\n\t<meta property=\"og:image:width\" content=\"690\" \/>\n\t<meta property=\"og:image:height\" content=\"497\" \/>\n<meta name=\"twitter:card\" content=\"summary_large_image\" \/>\n<meta name=\"twitter:label1\" content=\"Tiempo de lectura\" \/>\n\t<meta name=\"twitter:data1\" content=\"2 minutos\" \/>\n<script type=\"application\/ld+json\" class=\"yoast-schema-graph\">{\"@context\":\"https:\/\/schema.org\",\"@graph\":[{\"@type\":\"WebSite\",\"@id\":\"http:\/\/papayacaldara.com.br\/#website\",\"url\":\"http:\/\/papayacaldara.com.br\/\",\"name\":\"Caldara\",\"description\":\"Brazilian Fruit\",\"potentialAction\":[{\"@type\":\"SearchAction\",\"target\":{\"@type\":\"EntryPoint\",\"urlTemplate\":\"http:\/\/papayacaldara.com.br\/?s={search_term_string}\"},\"query-input\":\"required name=search_term_string\"}],\"inLanguage\":\"es\"},{\"@type\":\"ImageObject\",\"@id\":\"https:\/\/papayacaldara.com.br\/nossa-marca\/#primaryimage\",\"inLanguage\":\"es\",\"url\":\"https:\/\/papayacaldara.com.br\/wp-content\/uploads\/2020\/01\/Caixa-Caldara-parda.png\",\"contentUrl\":\"https:\/\/papayacaldara.com.br\/wp-content\/uploads\/2020\/01\/Caixa-Caldara-parda.png\",\"width\":690,\"height\":497,\"caption\":\"Caixa de Mam\\u00e3o Caldara - Brazilian Fruit\"},{\"@type\":\"WebPage\",\"@id\":\"https:\/\/papayacaldara.com.br\/nossa-marca\/#webpage\",\"url\":\"https:\/\/papayacaldara.com.br\/nossa-marca\/\",\"name\":\"[:pb]Marca Caldara - Conhe\\u00e7a nosso mam\\u00e3o com origem[:]\",\"isPartOf\":{\"@id\":\"http:\/\/papayacaldara.com.br\/#website\"},\"primaryImageOfPage\":{\"@id\":\"https:\/\/papayacaldara.com.br\/nossa-marca\/#primaryimage\"},\"datePublished\":\"2019-08-06T17:16:27+00:00\",\"dateModified\":\"2021-05-28T01:17:06+00:00\",\"description\":\"{:pb}Fundada em 1996, a marca Caldara tem o compromisso em valorizar as origens do seu mam\\u00e3o, garantindo qualidade de vida.{:}\",\"breadcrumb\":{\"@id\":\"https:\/\/papayacaldara.com.br\/nossa-marca\/#breadcrumb\"},\"inLanguage\":\"es\",\"potentialAction\":[{\"@type\":\"ReadAction\",\"target\":[\"https:\/\/papayacaldara.com.br\/nossa-marca\/\"]}]},{\"@type\":\"BreadcrumbList\",\"@id\":\"https:\/\/papayacaldara.com.br\/nossa-marca\/#breadcrumb\",\"itemListElement\":[{\"@type\":\"ListItem\",\"position\":1,\"name\":\"In\\u00edcio\",\"item\":\"http:\/\/papayacaldara.com.br\/\"},{\"@type\":\"ListItem\",\"position\":2,\"name\":\"Nossa marca\"}]}]}<\/script>\n","yoast_head_json":{"title":"(PT) Marca Caldara - Conhe\u00e7a nosso mam\u00e3o com origem","description":"(PT) Fundada em 1996, a marca Caldara tem o compromisso em valorizar as origens do seu mam\u00e3o, garantindo qualidade de vida.","robots":{"index":"index","follow":"follow","max-snippet":"max-snippet:-1","max-image-preview":"max-image-preview:large","max-video-preview":"max-video-preview:-1"},"canonical":"https:\/\/papayacaldara.com.br\/nossa-marca\/","og_locale":"es_ES","og_type":"article","og_title":"(PT) Marca Caldara - Conhe\u00e7a nosso mam\u00e3o com origem","og_description":"(PT) Fundada em 1996, a marca Caldara tem o compromisso em valorizar as origens do seu mam\u00e3o, garantindo qualidade de vida.","og_url":"https:\/\/papayacaldara.com.br\/nossa-marca\/","og_site_name":"Caldara","article_modified_time":"2021-05-28T01:17:06+00:00","og_image":[{"width":690,"height":497,"url":"http:\/\/papayacaldara.com.br\/wp-content\/uploads\/2020\/01\/Caixa-Caldara-parda.png","path":"\/\/papayacaldara.com.br\/wp-content\/uploads\/2020\/01\/Caixa-Caldara-parda.png","size":"full","id":175,"alt":"Caixa de Mam\u00e3o Caldara - Brazilian Fruit","pixels":342930,"type":"image\/png"}],"twitter_card":"summary_large_image","twitter_misc":{"Tiempo de lectura":"2 minutos"},"schema":{"@context":"https:\/\/schema.org","@graph":[{"@type":"WebSite","@id":"http:\/\/papayacaldara.com.br\/#website","url":"http:\/\/papayacaldara.com.br\/","name":"Caldara","description":"Brazilian Fruit","potentialAction":[{"@type":"SearchAction","target":{"@type":"EntryPoint","urlTemplate":"http:\/\/papayacaldara.com.br\/?s={search_term_string}"},"query-input":"required name=search_term_string"}],"inLanguage":"es"},{"@type":"ImageObject","@id":"https:\/\/papayacaldara.com.br\/nossa-marca\/#primaryimage","inLanguage":"es","url":"https:\/\/papayacaldara.com.br\/wp-content\/uploads\/2020\/01\/Caixa-Caldara-parda.png","contentUrl":"https:\/\/papayacaldara.com.br\/wp-content\/uploads\/2020\/01\/Caixa-Caldara-parda.png","width":690,"height":497,"caption":"Caixa de Mam\u00e3o Caldara - Brazilian Fruit"},{"@type":"WebPage","@id":"https:\/\/papayacaldara.com.br\/nossa-marca\/#webpage","url":"https:\/\/papayacaldara.com.br\/nossa-marca\/","name":"[:pb]Marca Caldara - Conhe\u00e7a nosso mam\u00e3o com origem[:]","isPartOf":{"@id":"http:\/\/papayacaldara.com.br\/#website"},"primaryImageOfPage":{"@id":"https:\/\/papayacaldara.com.br\/nossa-marca\/#primaryimage"},"datePublished":"2019-08-06T17:16:27+00:00","dateModified":"2021-05-28T01:17:06+00:00","description":"{:pb}Fundada em 1996, a marca Caldara tem o compromisso em valorizar as origens do seu mam\u00e3o, garantindo qualidade de vida.{:}","breadcrumb":{"@id":"https:\/\/papayacaldara.com.br\/nossa-marca\/#breadcrumb"},"inLanguage":"es","potentialAction":[{"@type":"ReadAction","target":["https:\/\/papayacaldara.com.br\/nossa-marca\/"]}]},{"@type":"BreadcrumbList","@id":"https:\/\/papayacaldara.com.br\/nossa-marca\/#breadcrumb","itemListElement":[{"@type":"ListItem","position":1,"name":"In\u00edcio","item":"http:\/\/papayacaldara.com.br\/"},{"@type":"ListItem","position":2,"name":"Nossa marca"}]}]}},"_links":{"self":[{"href":"https:\/\/papayacaldara.com.br\/es\/wp-json\/wp\/v2\/pages\/9","targetHints":{"allow":["GET"]}}],"collection":[{"href":"https:\/\/papayacaldara.com.br\/es\/wp-json\/wp\/v2\/pages"}],"about":[{"href":"https:\/\/papayacaldara.com.br\/es\/wp-json\/wp\/v2\/types\/page"}],"author":[{"embeddable":true,"href":"https:\/\/papayacaldara.com.br\/es\/wp-json\/wp\/v2\/users\/1"}],"replies":[{"embeddable":true,"href":"https:\/\/papayacaldara.com.br\/es\/wp-json\/wp\/v2\/comments?post=9"}],"version-history":[{"count":10,"href":"https:\/\/papayacaldara.com.br\/es\/wp-json\/wp\/v2\/pages\/9\/revisions"}],"predecessor-version":[{"id":354,"href":"https:\/\/papayacaldara.com.br\/es\/wp-json\/wp\/v2\/pages\/9\/revisions\/354"}],"wp:featuredmedia":[{"embeddable":true,"href":"https:\/\/papayacaldara.com.br\/es\/wp-json\/wp\/v2\/media\/175"}],"wp:attachment":[{"href":"https:\/\/papayacaldara.com.br\/es\/wp-json\/wp\/v2\/media?parent=9"}],"curies":[{"name":"wp","href":"https:\/\/api.w.org\/{rel}","templated":true}]}}